{"id":13482,"date":"2024-04-30T08:52:34","date_gmt":"2024-04-30T06:52:34","guid":{"rendered":"https:\/\/blogdelarechercheclinique.com\/?page_id=13482"},"modified":"2025-10-16T14:46:21","modified_gmt":"2025-10-16T12:46:21","slug":"nous-contacter","status":"publish","type":"page","link":"https:\/\/blogdelarechercheclinique.com\/en\/nous-contacter\/","title":{"rendered":"Contact us"},"content":{"rendered":"<p>How can we help you?<\/p>\n\n\n<div class=\"forminator-ui forminator-custom-form forminator-custom-form-15952 forminator-design--default  forminator_ajax\" data-forminator-render=\"0\" data-form=\"forminator-module-15952\" data-uid=\"69d295c8a8003\"><br\/><\/div><form\n\t\t\t\tid=\"forminator-module-15952\"\n\t\t\t\tclass=\"forminator-ui forminator-custom-form forminator-custom-form-15952 forminator-design--default  forminator_ajax\"\n\t\t\t\tmethod=\"post\"\n\t\t\t\tdata-forminator-render=\"0\"\n\t\t\t\tdata-form-id=\"15952\"\n\t\t\t\t data-color-option=\"theme\" data-design=\"default\" data-grid=\"open\" style=\"display: none;\"\n\t\t\t\tdata-uid=\"69d295c8a8003\" action=\"\"\n\t\t\t><div role=\"alert\" aria-live=\"polite\" class=\"forminator-response-message forminator-error\" aria-hidden=\"true\"><\/div><div class=\"forminator-row\"><div id=\"name-1\" class=\"forminator-field-name forminator-col forminator-col-12\"><div class=\"forminator-field\"><label for=\"forminator-field-name-1_69d295c8a8003\" id=\"forminator-field-name-1_69d295c8a8003-label\" class=\"forminator-label\">Your name <span class=\"forminator-required\">*<\/span><\/label><input type=\"text\" name=\"name-1\" value=\"\" placeholder=\"\" id=\"forminator-field-name-1_69d295c8a8003\" class=\"forminator-input forminator-name--field\" aria-required=\"true\" autocomplete=\"name\" \/><\/div><\/div><\/div><div class=\"forminator-row\"><div id=\"email-1\" class=\"forminator-field-email forminator-col forminator-col-12\"><div class=\"forminator-field\"><label for=\"forminator-field-email-1_69d295c8a8003\" id=\"forminator-field-email-1_69d295c8a8003-label\" class=\"forminator-label\">Your e-mail <span class=\"forminator-required\">*<\/span><\/label><input type=\"email\" name=\"email-1\" value=\"\" placeholder=\"\" id=\"forminator-field-email-1_69d295c8a8003\" class=\"forminator-input forminator-email--field\" data-required=\"true\" aria-required=\"true\" autocomplete=\"email\" \/><\/div><\/div><\/div><div class=\"forminator-row\"><div id=\"text-1\" class=\"forminator-field-text forminator-col forminator-col-12\"><div class=\"forminator-field\"><label for=\"forminator-field-text-1_69d295c8a8003\" id=\"forminator-field-text-1_69d295c8a8003-label\" class=\"forminator-label\">Subject<\/label><input type=\"text\" name=\"text-1\" value=\"\" placeholder=\"\" id=\"forminator-field-text-1_69d295c8a8003\" class=\"forminator-input forminator-name--field\" data-required=\"\" \/><\/div><\/div><\/div><div class=\"forminator-row\"><div id=\"textarea-1\" class=\"forminator-field-textarea forminator-col forminator-col-12\"><div class=\"forminator-field\"><label for=\"forminator-field-textarea-1_69d295c8a8003\" id=\"forminator-field-textarea-1_69d295c8a8003-label\" class=\"forminator-label\">Your message<\/label><span id=\"forminator-field-textarea-1_69d295c8a8003-description\" class=\"forminator-description\"><span data-limit=\"180\" data-type=\"characters\" data-editor=\"\">0 \/ 180<\/span><\/span><textarea name=\"textarea-1\" placeholder=\"\" id=\"forminator-field-textarea-1_69d295c8a8003\" class=\"forminator-textarea\" rows=\"6\" style=\"min-height:140px;\" maxlength=\"180\" ><\/textarea><\/div><\/div><\/div><div class=\"forminator-row\"><div id=\"consent-1\" class=\"forminator-field-consent forminator-col forminator-col-12\"><div class=\"forminator-field\"><div class=\"forminator-checkbox__wrapper\"><label id=\"forminator-field-consent-1_69d295c8a8003__label\" class=\"forminator-checkbox forminator-consent\" aria-labelledby=\"forminator-field-consent-1_69d295c8a8003-label\"><input type=\"checkbox\" name=\"consent-1\" id=\"forminator-field-consent-1_69d295c8a8003\" value=\"checked\" aria-labelledby=\"forminator-field-consent-1_69d295c8a8003-label\" aria-describedby=\"forminator-field-consent-1_69d295c8a8003__description\" data-required=\"true\" aria-required=\"true\" \/><span class=\"forminator-checkbox-box\" aria-hidden=\"true\"><\/span><\/label><div id=\"forminator-field-consent-1_69d295c8a8003__description\" class=\"forminator-checkbox__label forminator-consent__label\"><p>I agree and accept the <a rel=\"noopener\" target=\"_blank\" href=\"https:\/\/blogdelarechercheclinique.com\/en\/politique-de-confidentialite\/\">privacy policy<\/a> of this website.<\/p><\/div><\/div><\/div><\/div><\/div><input type=\"hidden\" name=\"referer_url\" value=\"\" \/><div class=\"forminator-row forminator-row-last\"><div class=\"forminator-col\"><div class=\"forminator-field\"><button class=\"forminator-button forminator-button-submit\">Send<\/button><\/div><\/div><\/div><input type=\"hidden\" id=\"forminator_nonce\" name=\"forminator_nonce\" value=\"408cbd18de\" \/><input type=\"hidden\" name=\"_wp_http_referer\" value=\"\/en\/wp-json\/wp\/v2\/pages\/13482\" \/><input type=\"hidden\" name=\"form_id\" value=\"15952\"><input type=\"hidden\" name=\"page_id\" value=\"13482\"><input type=\"hidden\" name=\"form_type\" value=\"default\"><input type=\"hidden\" name=\"current_url\" value=\"https:\/\/blogdelarechercheclinique.com\/en\/nous-contacter\/\"><input type=\"hidden\" name=\"render_id\" value=\"0\"><input type=\"hidden\" name=\"action\" value=\"forminator_submit_form_custom-forms\"><input type=\"hidden\" name=\"trp-form-language\" value=\"en\"\/><\/form>","protected":false},"excerpt":{"rendered":"<p>How can we help you?<\/p>","protected":false},"author":4,"featured_media":0,"parent":0,"menu_order":0,"comment_status":"closed","ping_status":"closed","template":"","meta":{"om_disable_all_campaigns":false,"rop_custom_images_group":[],"rop_custom_messages_group":[],"rop_publish_now":"initial","rop_publish_now_accounts":{"facebook_122143508198123560_331463380343150":""},"rop_publish_now_history":[],"rop_publish_now_status":"pending","_sitemap_exclude":false,"_sitemap_priority":"","_sitemap_frequency":"","_exactmetrics_skip_tracking":false,"_exactmetrics_sitenote_active":false,"_exactmetrics_sitenote_note":"","_exactmetrics_sitenote_category":0,"footnotes":""},"class_list":["post-13482","page","type-page","status-publish"],"translation":{"provider":"WPGlobus","version":"3.0.2","language":"en","enabled_languages":["fr","en"],"languages":{"fr":{"title":true,"content":true,"excerpt":false},"en":{"title":true,"content":true,"excerpt":false}}},"yoast_head":"<!-- This site is optimized with the Yoast SEO plugin v26.9 - https:\/\/yoast.com\/product\/yoast-seo-wordpress\/ -->\n<title>Contact us -<\/title>\n<meta name=\"robots\" content=\"index, follow, max-snippet:-1, max-image-preview:large, max-video-preview:-1\" \/>\n<link rel=\"canonical\" href=\"https:\/\/blogdelarechercheclinique.com\/en\/nous-contacter\/\" \/>\n<meta property=\"og:locale\" content=\"en_US\" \/>\n<meta property=\"og:type\" content=\"article\" \/>\n<meta property=\"og:title\" content=\"Contact us -\" \/>\n<meta property=\"og:url\" content=\"https:\/\/blogdelarechercheclinique.com\/en\/nous-contacter\/\" \/>\n<meta property=\"article:publisher\" content=\"https:\/\/www.facebook.com\/blogdelarechercheclinique\" \/>\n<meta property=\"article:modified_time\" content=\"2025-10-16T12:46:21+00:00\" \/>\n<meta name=\"twitter:card\" content=\"summary_large_image\" \/>\n<meta name=\"twitter:label1\" content=\"Est. reading time\" \/>\n\t<meta name=\"twitter:data1\" content=\"1 minute\" \/>\n<script type=\"application\/ld+json\" class=\"yoast-schema-graph\">{\"@context\":\"https:\/\/schema.org\",\"@graph\":[{\"@type\":\"WebPage\",\"@id\":\"https:\/\/blogdelarechercheclinique.com\/nous-contacter\/\",\"url\":\"https:\/\/blogdelarechercheclinique.com\/nous-contacter\/\",\"name\":\"Contact us -\",\"isPartOf\":{\"@id\":\"https:\/\/blogdelarechercheclinique.com\/#website\"},\"datePublished\":\"2024-04-30T06:52:34+00:00\",\"dateModified\":\"2025-10-16T12:46:21+00:00\",\"breadcrumb\":{\"@id\":\"https:\/\/blogdelarechercheclinique.com\/nous-contacter\/#breadcrumb\"},\"inLanguage\":\"en-US\",\"potentialAction\":[{\"@type\":\"ReadAction\",\"target\":[\"https:\/\/blogdelarechercheclinique.com\/nous-contacter\/\"]}]},{\"@type\":\"BreadcrumbList\",\"@id\":\"https:\/\/blogdelarechercheclinique.com\/nous-contacter\/#breadcrumb\",\"itemListElement\":[{\"@type\":\"ListItem\",\"position\":1,\"name\":\"Accueil\",\"item\":\"https:\/\/blogdelarechercheclinique.com\/\"},{\"@type\":\"ListItem\",\"position\":2,\"name\":\"Nous contacter\"}]},{\"@type\":\"WebSite\",\"@id\":\"https:\/\/blogdelarechercheclinique.com\/#website\",\"url\":\"https:\/\/blogdelarechercheclinique.com\/\",\"name\":\"Blog de la recherche clinique\",\"description\":\"\",\"publisher\":{\"@id\":\"https:\/\/blogdelarechercheclinique.com\/#organization\"},\"potentialAction\":[{\"@type\":\"SearchAction\",\"target\":{\"@type\":\"EntryPoint\",\"urlTemplate\":\"https:\/\/blogdelarechercheclinique.com\/?s={search_term_string}\"},\"query-input\":{\"@type\":\"PropertyValueSpecification\",\"valueRequired\":true,\"valueName\":\"search_term_string\"}}],\"inLanguage\":\"en-US\"},{\"@type\":\"Organization\",\"@id\":\"https:\/\/blogdelarechercheclinique.com\/#organization\",\"name\":\"Blog de la recherche clinique\",\"url\":\"https:\/\/blogdelarechercheclinique.com\/\",\"logo\":{\"@type\":\"ImageObject\",\"inLanguage\":\"en-US\",\"@id\":\"https:\/\/blogdelarechercheclinique.com\/#\/schema\/logo\/image\/\",\"url\":\"https:\/\/i0.wp.com\/blogdelarechercheclinique.com\/blog-contenu\/uploads\/2024\/04\/cropped-BLOG-logo.png?fit=512%2C512&ssl=1\",\"contentUrl\":\"https:\/\/i0.wp.com\/blogdelarechercheclinique.com\/blog-contenu\/uploads\/2024\/04\/cropped-BLOG-logo.png?fit=512%2C512&ssl=1\",\"width\":512,\"height\":512,\"caption\":\"Blog de la recherche clinique\"},\"image\":{\"@id\":\"https:\/\/blogdelarechercheclinique.com\/#\/schema\/logo\/image\/\"},\"sameAs\":[\"https:\/\/www.facebook.com\/blogdelarechercheclinique\"]}]}<\/script>\n<!-- \/ Yoast SEO plugin. -->","yoast_head_json":{"title":"Contact us -","robots":{"index":"index","follow":"follow","max-snippet":"max-snippet:-1","max-image-preview":"max-image-preview:large","max-video-preview":"max-video-preview:-1"},"canonical":"https:\/\/blogdelarechercheclinique.com\/en\/nous-contacter\/","og_locale":"en_US","og_type":"article","og_title":"Contact us -","og_url":"https:\/\/blogdelarechercheclinique.com\/en\/nous-contacter\/","article_publisher":"https:\/\/www.facebook.com\/blogdelarechercheclinique","article_modified_time":"2025-10-16T12:46:21+00:00","twitter_card":"summary_large_image","twitter_misc":{"Est. reading time":"1 minute"},"schema":{"@context":"https:\/\/schema.org","@graph":[{"@type":"WebPage","@id":"https:\/\/blogdelarechercheclinique.com\/nous-contacter\/","url":"https:\/\/blogdelarechercheclinique.com\/nous-contacter\/","name":"Contact us -","isPartOf":{"@id":"https:\/\/blogdelarechercheclinique.com\/#website"},"datePublished":"2024-04-30T06:52:34+00:00","dateModified":"2025-10-16T12:46:21+00:00","breadcrumb":{"@id":"https:\/\/blogdelarechercheclinique.com\/nous-contacter\/#breadcrumb"},"inLanguage":"en-US","potentialAction":[{"@type":"ReadAction","target":["https:\/\/blogdelarechercheclinique.com\/nous-contacter\/"]}]},{"@type":"BreadcrumbList","@id":"https:\/\/blogdelarechercheclinique.com\/nous-contacter\/#breadcrumb","itemListElement":[{"@type":"ListItem","position":1,"name":"Accueil","item":"https:\/\/blogdelarechercheclinique.com\/"},{"@type":"ListItem","position":2,"name":"Nous contacter"}]},{"@type":"WebSite","@id":"https:\/\/blogdelarechercheclinique.com\/#website","url":"https:\/\/blogdelarechercheclinique.com\/","name":"Blog de la recherche clinique","description":"","publisher":{"@id":"https:\/\/blogdelarechercheclinique.com\/#organization"},"potentialAction":[{"@type":"SearchAction","target":{"@type":"EntryPoint","urlTemplate":"https:\/\/blogdelarechercheclinique.com\/?s={search_term_string}"},"query-input":{"@type":"PropertyValueSpecification","valueRequired":true,"valueName":"search_term_string"}}],"inLanguage":"en-US"},{"@type":"Organization","@id":"https:\/\/blogdelarechercheclinique.com\/#organization","name":"Blog de la recherche clinique","url":"https:\/\/blogdelarechercheclinique.com\/","logo":{"@type":"ImageObject","inLanguage":"en-US","@id":"https:\/\/blogdelarechercheclinique.com\/#\/schema\/logo\/image\/","url":"https:\/\/i0.wp.com\/blogdelarechercheclinique.com\/blog-contenu\/uploads\/2024\/04\/cropped-BLOG-logo.png?fit=512%2C512&ssl=1","contentUrl":"https:\/\/i0.wp.com\/blogdelarechercheclinique.com\/blog-contenu\/uploads\/2024\/04\/cropped-BLOG-logo.png?fit=512%2C512&ssl=1","width":512,"height":512,"caption":"Blog de la recherche clinique"},"image":{"@id":"https:\/\/blogdelarechercheclinique.com\/#\/schema\/logo\/image\/"},"sameAs":["https:\/\/www.facebook.com\/blogdelarechercheclinique"]}]}},"jetpack-related-posts":[{"id":15081,"url":"https:\/\/blogdelarechercheclinique.com\/en\/debutant-commencez-ici\/","url_meta":{"origin":13482,"position":0},"title":"Beginner : Here you are","author":"lala","date":"2 May 2025","format":false,"excerpt":"{:fr}Si tu es d\u00e9butant dans la recherche clinique, nous te souhaitons la bienvenue sur notre blog! Pour commencer, tu peux lire ces premiers articles qui t'expliqueront comment te former au m\u00e9tier d'ARC et trouver un emploi : Glossaire Article 1 : Toute la v\u00e9rit\u00e9 sur le m\u00e9tier d'ARC Article 2\u2026","rel":"","context":"Similar post","block_context":{"text":"Similar post","link":""},"img":{"alt_text":"","src":"","width":0,"height":0},"classes":[]},{"id":13699,"url":"https:\/\/blogdelarechercheclinique.com\/en\/faisons-connaissances\/","url_meta":{"origin":13482,"position":1},"title":"Let\u2019s get acquainted","author":"lala","date":"7 May 2025","format":false,"excerpt":"{:fr} Je suis Vanessa Montanari, Attach\u00e9e de recherche clinique, chef de projet et dirigeante depuis 10 ans de pharmaspecific, soci\u00e9t\u00e9 de prestation de services en recherche clinique. Je suis \u00e9galement coach \u00e0 Pharmaspecific Training.En 2019, je suis devenue laur\u00e9ate du concours \" entrepreneurs afro-cr\u00e9oles 2019 - cat\u00e9gorie Innovation et soci\u00e9t\u00e9\"J'ai\u2026","rel":"","context":"Similar post","block_context":{"text":"Similar post","link":""},"img":{"alt_text":"Troph\u00e9e Vanessa Montanari","src":"https:\/\/i0.wp.com\/blogdelarechercheclinique.com\/blog-contenu\/uploads\/2019\/11\/Trophee-scaled-e1726885993816.jpg?resize=350%2C200&ssl=1","width":350,"height":200,"srcset":"https:\/\/i0.wp.com\/blogdelarechercheclinique.com\/blog-contenu\/uploads\/2019\/11\/Trophee-scaled-e1726885993816.jpg?resize=350%2C200&ssl=1 1x, https:\/\/i0.wp.com\/blogdelarechercheclinique.com\/blog-contenu\/uploads\/2019\/11\/Trophee-scaled-e1726885993816.jpg?resize=525%2C300&ssl=1 1.5x, https:\/\/i0.wp.com\/blogdelarechercheclinique.com\/blog-contenu\/uploads\/2019\/11\/Trophee-scaled-e1726885993816.jpg?resize=700%2C400&ssl=1 2x, https:\/\/i0.wp.com\/blogdelarechercheclinique.com\/blog-contenu\/uploads\/2019\/11\/Trophee-scaled-e1726885993816.jpg?resize=1050%2C600&ssl=1 3x, https:\/\/i0.wp.com\/blogdelarechercheclinique.com\/blog-contenu\/uploads\/2019\/11\/Trophee-scaled-e1726885993816.jpg?resize=1400%2C800&ssl=1 4x"},"classes":[]},{"id":49,"url":"https:\/\/blogdelarechercheclinique.com\/en\/","url_meta":{"origin":13482,"position":2},"title":"All our articles","author":"lala","date":"10 November 2021","format":false,"excerpt":"{:fr}{:}{:en} {:}","rel":"","context":"Similar post","block_context":{"text":"Similar post","link":""},"img":{"alt_text":"j\u2019ai voulu devenir ARC freelance en 2010, il y a un certain nombre de questions que je me suis pos\u00e9e.","src":"https:\/\/i0.wp.com\/blogdelarechercheclinique.com\/blog-contenu\/uploads\/2024\/03\/ARC-Freelance-1.png?fit=1080%2C1080&ssl=1&resize=350%2C200","width":350,"height":200,"srcset":"https:\/\/i0.wp.com\/blogdelarechercheclinique.com\/blog-contenu\/uploads\/2024\/03\/ARC-Freelance-1.png?fit=1080%2C1080&ssl=1&resize=350%2C200 1x, https:\/\/i0.wp.com\/blogdelarechercheclinique.com\/blog-contenu\/uploads\/2024\/03\/ARC-Freelance-1.png?fit=1080%2C1080&ssl=1&resize=525%2C300 1.5x, https:\/\/i0.wp.com\/blogdelarechercheclinique.com\/blog-contenu\/uploads\/2024\/03\/ARC-Freelance-1.png?fit=1080%2C1080&ssl=1&resize=700%2C400 2x, https:\/\/i0.wp.com\/blogdelarechercheclinique.com\/blog-contenu\/uploads\/2024\/03\/ARC-Freelance-1.png?fit=1080%2C1080&ssl=1&resize=1050%2C600 3x"},"classes":[]},{"id":15453,"url":"https:\/\/blogdelarechercheclinique.com\/en\/kit\/","url_meta":{"origin":13482,"position":3},"title":"Our practical guides","author":"lala","date":"26 May 2025","format":false,"excerpt":"{:fr} Nos guides pratiques Aucun r\u00e9sultat trouv\u00e9 Vous pouvez essayer supprimer les filtres \u00e9ventuels ou allez vers notre accueil du magasin {:}{:en} Our practical guides Aucun r\u00e9sultat trouv\u00e9 Vous pouvez essayer supprimer les filtres \u00e9ventuels ou allez vers notre accueil du magasin {:}","rel":"","context":"Similar post","block_context":{"text":"Similar post","link":""},"img":{"alt_text":"","src":"","width":0,"height":0},"classes":[]},{"id":15093,"url":"https:\/\/blogdelarechercheclinique.com\/en\/glossaire\/","url_meta":{"origin":13482,"position":4},"title":"Glossary","author":"lala","date":"7 May 2025","format":false,"excerpt":"{:fr}ARC Attach\u00e9 de recherche clinique. TEC Technicien de recherche clinique. AUTORISATION DE MISE SUR LE MARCHE L\u2019Autorisation de mise sur le march\u00e9 est d\u00e9livr\u00e9e, par les autorit\u00e9s comp\u00e9tentes nationales ou europ\u00e9ennes. Elle fait suite, au d\u00e9p\u00f4t, par l\u2019industriel, d\u2019un dossier de demande d\u2019autorisation de mise sur le march\u00e9, aupr\u00e8s de\u2026","rel":"","context":"Similar post","block_context":{"text":"Similar post","link":""},"img":{"alt_text":"","src":"","width":0,"height":0},"classes":[]},{"id":15757,"url":"https:\/\/blogdelarechercheclinique.com\/en\/resultat\/","url_meta":{"origin":13482,"position":5},"title":"R\u00e9sultat","author":"lala","date":"23 June 2025","format":false,"excerpt":"","rel":"","context":"Similar post","block_context":{"text":"Similar post","link":""},"img":{"alt_text":"","src":"","width":0,"height":0},"classes":[]}],"jetpack_sharing_enabled":true,"_links":{"self":[{"href":"https:\/\/blogdelarechercheclinique.com\/en\/wp-json\/wp\/v2\/pages\/13482","targetHints":{"allow":["GET"]}}],"collection":[{"href":"https:\/\/blogdelarechercheclinique.com\/en\/wp-json\/wp\/v2\/pages"}],"about":[{"href":"https:\/\/blogdelarechercheclinique.com\/en\/wp-json\/wp\/v2\/types\/page"}],"author":[{"embeddable":true,"href":"https:\/\/blogdelarechercheclinique.com\/en\/wp-json\/wp\/v2\/users\/4"}],"replies":[{"embeddable":true,"href":"https:\/\/blogdelarechercheclinique.com\/en\/wp-json\/wp\/v2\/comments?post=13482"}],"version-history":[{"count":6,"href":"https:\/\/blogdelarechercheclinique.com\/en\/wp-json\/wp\/v2\/pages\/13482\/revisions"}],"predecessor-version":[{"id":15954,"href":"https:\/\/blogdelarechercheclinique.com\/en\/wp-json\/wp\/v2\/pages\/13482\/revisions\/15954"}],"wp:attachment":[{"href":"https:\/\/blogdelarechercheclinique.com\/en\/wp-json\/wp\/v2\/media?parent=13482"}],"curies":[{"name":"wp","href":"https:\/\/api.w.org\/{rel}","templated":true}]}}