{"id":13699,"date":"2025-05-07T13:25:03","date_gmt":"2025-05-07T11:25:03","guid":{"rendered":"https:\/\/blogdelarechercheclinique.com\/?page_id=13699"},"modified":"2025-06-18T10:55:29","modified_gmt":"2025-06-18T08:55:29","slug":"faisons-connaissances","status":"publish","type":"page","link":"https:\/\/blogdelarechercheclinique.com\/en\/faisons-connaissances\/","title":{"rendered":"Let\u2019s get acquainted"},"content":{"rendered":"<div class=\"wp-block-image\">\n<figure class=\"alignleft size-large is-resized\"><img data-recalc-dims=\"1\" decoding=\"async\" width=\"1024\" height=\"683\" data-src=\"https:\/\/i0.wp.com\/blogdelarechercheclinique.com\/blog-contenu\/uploads\/2019\/11\/Trophee.jpg?resize=1024%2C683&#038;ssl=1\" alt=\"Troph\u00e9e Vanessa Montanari\" class=\"wp-image-13652 lazyload\" style=\"--smush-placeholder-width: 1024px; --smush-placeholder-aspect-ratio: 1024\/683;width:398px;height:auto\" src=\"data:image\/svg+xml;base64,PHN2ZyB3aWR0aD0iMSIgaGVpZ2h0PSIxIiB4bWxucz0iaHR0cDovL3d3dy53My5vcmcvMjAwMC9zdmciPjwvc3ZnPg==\" \/><\/figure>\n<\/div>\n\n\n<p>I am Vanessa Montanari, Clinical Research Associate, Project Manager and Director, during 9 years, of Pharmaspecific, my own company providing clinical research services.<\/p>\n\n\n\n<p>Also, I am coach for Professional people. In 2019, I became the winner of \u201cfrench afro-Caribbean entrepreneurs award\u00a0(Organisation :\u00a0<a href=\"http:\/\/www.enreso.org\/\">Enr\u00e9so)<\/a>.<\/p>\n\n\n\n<p>I really wished to create this blog since a while. I have created a space for exchange, where I will share experiences feedbacks, news, current events, and tools mainly around the clinical search associate job with you. I would have liked finding a space like this 10 years ago when I started in the field.<\/p>\n\n\n\n<p>The blog is now settled, we will have to feed it in our turn. Leave me your opinion and tell me the&nbsp;kind of article you would like to read. I will do my best to respond to your expectations.<\/p>\n\n\n\n<p>Also keep in touch with me through the blog contact form.<\/p>\n\n\n\n<p>You can click&nbsp;<a href=\"https:\/\/www.linkedin.com\/in\/vanessamontanari\/\" target=\"_blank\" rel=\"noreferrer noopener\">here<\/a>&nbsp;to read my testimony at l\u2019APEC (Association pour l\u2019emploi des cadres)(Executive Employment Association) about&nbsp;the CRA job.<\/p>\n\n\n\n<p>You can also click&nbsp;<a href=\"https:\/\/www.linkedin.com\/in\/vanessamontanari\/\" target=\"_blank\" rel=\"noreferrer noopener\">here<\/a>&nbsp;or&nbsp;<a href=\"https:\/\/viadeo.journaldunet.com\/p\/vanessa-montanari-820852\" target=\"_blank\" rel=\"noreferrer noopener\">here<\/a>&nbsp;to see my professional career. You can link to me. You can follow me on<a href=\"https:\/\/www.youtube.com\/channel\/UC6P9d1aaNVAYjGdQ5rg8uPA\">&nbsp;Instagram<\/a>&nbsp;and on&nbsp;<a href=\"https:\/\/www.youtube.com\/channel\/UC6P9d1aaNVAYjGdQ5rg8uPA\">YouTube.<\/a><\/p>\n\n\n\n<p>Visit Pharmaspecific website,&nbsp;<a href=\"http:\/\/www.pharmaspecific.fr\/\">www.pharmaspecific.com<\/a>&nbsp;for more information on our activites.<\/p>\n\n\n\n<p>Enjoy reading and&nbsp;see you soon!<\/p>\n\n\n\n<p>Vanessa Montanari<\/p>","protected":false},"excerpt":{"rendered":"<p>I am Vanessa Montanari, Clinical Research Associate, Project Manager and Director, during 9 years, of Pharmaspecific, my own&#8230;<\/p>","protected":false},"author":1,"featured_media":0,"parent":0,"menu_order":0,"comment_status":"closed","ping_status":"closed","template":"","meta":{"om_disable_all_campaigns":false,"rop_custom_images_group":[],"rop_custom_messages_group":[],"rop_publish_now":"initial","rop_publish_now_accounts":{"facebook_122143508198123560_331463380343150":""},"rop_publish_now_history":[],"rop_publish_now_status":"pending","_sitemap_exclude":false,"_sitemap_priority":"","_sitemap_frequency":"","_exactmetrics_skip_tracking":false,"_exactmetrics_sitenote_active":false,"_exactmetrics_sitenote_note":"","_exactmetrics_sitenote_category":0,"footnotes":""},"class_list":["post-13699","page","type-page","status-publish"],"translation":{"provider":"WPGlobus","version":"3.0.2","language":"en","enabled_languages":["fr","en"],"languages":{"fr":{"title":true,"content":true,"excerpt":false},"en":{"title":true,"content":true,"excerpt":false}}},"yoast_head":"<!-- This site is optimized with the Yoast SEO plugin v26.9 - https:\/\/yoast.com\/product\/yoast-seo-wordpress\/ -->\n<title>Faisons Connaissances<\/title>\n<meta name=\"robots\" content=\"index, follow, max-snippet:-1, max-image-preview:large, max-video-preview:-1\" \/>\n<link rel=\"canonical\" href=\"https:\/\/blogdelarechercheclinique.com\/en\/faisons-connaissances\/\" \/>\n<meta property=\"og:locale\" content=\"en_US\" \/>\n<meta property=\"og:type\" content=\"article\" \/>\n<meta property=\"og:title\" content=\"Let\u2019s get acquainted -\" \/>\n<meta property=\"og:url\" content=\"https:\/\/blogdelarechercheclinique.com\/en\/faisons-connaissances\/\" \/>\n<meta property=\"article:publisher\" content=\"https:\/\/www.facebook.com\/blogdelarechercheclinique\" \/>\n<meta property=\"article:modified_time\" content=\"2025-06-18T08:55:29+00:00\" \/>\n<meta property=\"og:image\" content=\"https:\/\/blogdelarechercheclinique.com\/blog-contenu\/uploads\/2019\/11\/Trophee-1024x683.jpg\" \/>\n<meta name=\"twitter:card\" content=\"summary_large_image\" \/>\n<meta name=\"twitter:label1\" content=\"Est. reading time\" \/>\n\t<meta name=\"twitter:data1\" content=\"2 minutes\" \/>\n<script type=\"application\/ld+json\" class=\"yoast-schema-graph\">{\"@context\":\"https:\/\/schema.org\",\"@graph\":[{\"@type\":\"WebPage\",\"@id\":\"https:\/\/blogdelarechercheclinique.com\/faisons-connaissances\/\",\"url\":\"https:\/\/blogdelarechercheclinique.com\/faisons-connaissances\/\",\"name\":\"Faisons Connaissances\",\"isPartOf\":{\"@id\":\"https:\/\/blogdelarechercheclinique.com\/#website\"},\"primaryImageOfPage\":{\"@id\":\"https:\/\/blogdelarechercheclinique.com\/faisons-connaissances\/#primaryimage\"},\"image\":{\"@id\":\"https:\/\/blogdelarechercheclinique.com\/faisons-connaissances\/#primaryimage\"},\"thumbnailUrl\":\"https:\/\/blogdelarechercheclinique.com\/blog-contenu\/uploads\/2019\/11\/Trophee-1024x683.jpg\",\"datePublished\":\"2025-05-07T11:25:03+00:00\",\"dateModified\":\"2025-06-18T08:55:29+00:00\",\"description\":\"Bienvenue \u00e0 notre page Faisons Connaissances, dans cette page vous aurez les informations utiles pour notre prochain partenariat.\",\"breadcrumb\":{\"@id\":\"https:\/\/blogdelarechercheclinique.com\/faisons-connaissances\/#breadcrumb\"},\"inLanguage\":\"en-US\",\"potentialAction\":[{\"@type\":\"ReadAction\",\"target\":[\"https:\/\/blogdelarechercheclinique.com\/faisons-connaissances\/\"]}]},{\"@type\":\"ImageObject\",\"inLanguage\":\"en-US\",\"@id\":\"https:\/\/blogdelarechercheclinique.com\/faisons-connaissances\/#primaryimage\",\"url\":\"https:\/\/blogdelarechercheclinique.com\/blog-contenu\/uploads\/2019\/11\/Trophee-1024x683.jpg\",\"contentUrl\":\"https:\/\/blogdelarechercheclinique.com\/blog-contenu\/uploads\/2019\/11\/Trophee-1024x683.jpg\"},{\"@type\":\"BreadcrumbList\",\"@id\":\"https:\/\/blogdelarechercheclinique.com\/faisons-connaissances\/#breadcrumb\",\"itemListElement\":[{\"@type\":\"ListItem\",\"position\":1,\"name\":\"Accueil\",\"item\":\"https:\/\/blogdelarechercheclinique.com\/\"},{\"@type\":\"ListItem\",\"position\":2,\"name\":\"Faisons connaissance\"}]},{\"@type\":\"WebSite\",\"@id\":\"https:\/\/blogdelarechercheclinique.com\/#website\",\"url\":\"https:\/\/blogdelarechercheclinique.com\/\",\"name\":\"Blog de la recherche clinique\",\"description\":\"\",\"publisher\":{\"@id\":\"https:\/\/blogdelarechercheclinique.com\/#organization\"},\"potentialAction\":[{\"@type\":\"SearchAction\",\"target\":{\"@type\":\"EntryPoint\",\"urlTemplate\":\"https:\/\/blogdelarechercheclinique.com\/?s={search_term_string}\"},\"query-input\":{\"@type\":\"PropertyValueSpecification\",\"valueRequired\":true,\"valueName\":\"search_term_string\"}}],\"inLanguage\":\"en-US\"},{\"@type\":\"Organization\",\"@id\":\"https:\/\/blogdelarechercheclinique.com\/#organization\",\"name\":\"Blog de la recherche clinique\",\"url\":\"https:\/\/blogdelarechercheclinique.com\/\",\"logo\":{\"@type\":\"ImageObject\",\"inLanguage\":\"en-US\",\"@id\":\"https:\/\/blogdelarechercheclinique.com\/#\/schema\/logo\/image\/\",\"url\":\"https:\/\/i0.wp.com\/blogdelarechercheclinique.com\/blog-contenu\/uploads\/2024\/04\/cropped-BLOG-logo.png?fit=512%2C512&ssl=1\",\"contentUrl\":\"https:\/\/i0.wp.com\/blogdelarechercheclinique.com\/blog-contenu\/uploads\/2024\/04\/cropped-BLOG-logo.png?fit=512%2C512&ssl=1\",\"width\":512,\"height\":512,\"caption\":\"Blog de la recherche clinique\"},\"image\":{\"@id\":\"https:\/\/blogdelarechercheclinique.com\/#\/schema\/logo\/image\/\"},\"sameAs\":[\"https:\/\/www.facebook.com\/blogdelarechercheclinique\"]}]}<\/script>\n<!-- \/ Yoast SEO plugin. -->","yoast_head_json":{"title":"Faisons Connaissances","robots":{"index":"index","follow":"follow","max-snippet":"max-snippet:-1","max-image-preview":"max-image-preview:large","max-video-preview":"max-video-preview:-1"},"canonical":"https:\/\/blogdelarechercheclinique.com\/en\/faisons-connaissances\/","og_locale":"en_US","og_type":"article","og_title":"Let\u2019s get acquainted -","og_url":"https:\/\/blogdelarechercheclinique.com\/en\/faisons-connaissances\/","article_publisher":"https:\/\/www.facebook.com\/blogdelarechercheclinique","article_modified_time":"2025-06-18T08:55:29+00:00","og_image":[{"url":"https:\/\/blogdelarechercheclinique.com\/blog-contenu\/uploads\/2019\/11\/Trophee-1024x683.jpg","type":"","width":"","height":""}],"twitter_card":"summary_large_image","twitter_misc":{"Est. reading time":"2 minutes"},"schema":{"@context":"https:\/\/schema.org","@graph":[{"@type":"WebPage","@id":"https:\/\/blogdelarechercheclinique.com\/faisons-connaissances\/","url":"https:\/\/blogdelarechercheclinique.com\/faisons-connaissances\/","name":"Faisons Connaissances","isPartOf":{"@id":"https:\/\/blogdelarechercheclinique.com\/#website"},"primaryImageOfPage":{"@id":"https:\/\/blogdelarechercheclinique.com\/faisons-connaissances\/#primaryimage"},"image":{"@id":"https:\/\/blogdelarechercheclinique.com\/faisons-connaissances\/#primaryimage"},"thumbnailUrl":"https:\/\/blogdelarechercheclinique.com\/blog-contenu\/uploads\/2019\/11\/Trophee-1024x683.jpg","datePublished":"2025-05-07T11:25:03+00:00","dateModified":"2025-06-18T08:55:29+00:00","description":"Bienvenue \u00e0 notre page Faisons Connaissances, dans cette page vous aurez les informations utiles pour notre prochain partenariat.","breadcrumb":{"@id":"https:\/\/blogdelarechercheclinique.com\/faisons-connaissances\/#breadcrumb"},"inLanguage":"en-US","potentialAction":[{"@type":"ReadAction","target":["https:\/\/blogdelarechercheclinique.com\/faisons-connaissances\/"]}]},{"@type":"ImageObject","inLanguage":"en-US","@id":"https:\/\/blogdelarechercheclinique.com\/faisons-connaissances\/#primaryimage","url":"https:\/\/blogdelarechercheclinique.com\/blog-contenu\/uploads\/2019\/11\/Trophee-1024x683.jpg","contentUrl":"https:\/\/blogdelarechercheclinique.com\/blog-contenu\/uploads\/2019\/11\/Trophee-1024x683.jpg"},{"@type":"BreadcrumbList","@id":"https:\/\/blogdelarechercheclinique.com\/faisons-connaissances\/#breadcrumb","itemListElement":[{"@type":"ListItem","position":1,"name":"Accueil","item":"https:\/\/blogdelarechercheclinique.com\/"},{"@type":"ListItem","position":2,"name":"Faisons connaissance"}]},{"@type":"WebSite","@id":"https:\/\/blogdelarechercheclinique.com\/#website","url":"https:\/\/blogdelarechercheclinique.com\/","name":"Blog de la recherche clinique","description":"","publisher":{"@id":"https:\/\/blogdelarechercheclinique.com\/#organization"},"potentialAction":[{"@type":"SearchAction","target":{"@type":"EntryPoint","urlTemplate":"https:\/\/blogdelarechercheclinique.com\/?s={search_term_string}"},"query-input":{"@type":"PropertyValueSpecification","valueRequired":true,"valueName":"search_term_string"}}],"inLanguage":"en-US"},{"@type":"Organization","@id":"https:\/\/blogdelarechercheclinique.com\/#organization","name":"Blog de la recherche clinique","url":"https:\/\/blogdelarechercheclinique.com\/","logo":{"@type":"ImageObject","inLanguage":"en-US","@id":"https:\/\/blogdelarechercheclinique.com\/#\/schema\/logo\/image\/","url":"https:\/\/i0.wp.com\/blogdelarechercheclinique.com\/blog-contenu\/uploads\/2024\/04\/cropped-BLOG-logo.png?fit=512%2C512&ssl=1","contentUrl":"https:\/\/i0.wp.com\/blogdelarechercheclinique.com\/blog-contenu\/uploads\/2024\/04\/cropped-BLOG-logo.png?fit=512%2C512&ssl=1","width":512,"height":512,"caption":"Blog de la recherche clinique"},"image":{"@id":"https:\/\/blogdelarechercheclinique.com\/#\/schema\/logo\/image\/"},"sameAs":["https:\/\/www.facebook.com\/blogdelarechercheclinique"]}]}},"jetpack-related-posts":[{"id":15093,"url":"https:\/\/blogdelarechercheclinique.com\/en\/glossaire\/","url_meta":{"origin":13699,"position":0},"title":"Glossary","author":"lala","date":"7 May 2025","format":false,"excerpt":"{:fr}ARC Attach\u00e9 de recherche clinique. TEC Technicien de recherche clinique. AUTORISATION DE MISE SUR LE MARCHE L\u2019Autorisation de mise sur le march\u00e9 est d\u00e9livr\u00e9e, par les autorit\u00e9s comp\u00e9tentes nationales ou europ\u00e9ennes. Elle fait suite, au d\u00e9p\u00f4t, par l\u2019industriel, d\u2019un dossier de demande d\u2019autorisation de mise sur le march\u00e9, aupr\u00e8s de\u2026","rel":"","context":"Similar post","block_context":{"text":"Similar post","link":""},"img":{"alt_text":"","src":"","width":0,"height":0},"classes":[]},{"id":13209,"url":"https:\/\/blogdelarechercheclinique.com\/en\/conditions-generales-de-vente\/","url_meta":{"origin":13699,"position":1},"title":"General conditions of sale","author":"lala","date":"9 April 2024","format":false,"excerpt":"{:fr} DC-COC-407-V2\u00a0 Conditions g\u00e9n\u00e9rales de vente, 9 mars 2021 CONDITIONS GENERALES DE VENTE\u00a0 Entre : La Soci\u00e9t\u00e9 PHARMASPECIFIC, Soci\u00e9t\u00e9 \u00e0 responsabilit\u00e9 limit\u00e9e au capital de 1000 EUROS, inscrite au Registre du Commerce et des Soci\u00e9t\u00e9s de Meaux sous le n\u00b0 752 023 283, dont le si\u00e8ge social est sis \u00e0\u2026","rel":"","context":"Similar post","block_context":{"text":"Similar post","link":""},"img":{"alt_text":"","src":"","width":0,"height":0},"classes":[]},{"id":3,"url":"https:\/\/blogdelarechercheclinique.com\/en\/politique-de-confidentialite\/","url_meta":{"origin":13699,"position":2},"title":"Privacy Policy Effective as of March 9, 2022","author":"lala","date":"28 February 2024","format":false,"excerpt":"{:fr} Pr\u00e9sentation du site internet.En vertu de l'article 6 de la loi n\u00b0 2004-575 du 21 juin 2004 pour la confiance dans l'\u00e9conomie num\u00e9rique, il est pr\u00e9cis\u00e9 aux utilisateurs du site internet https:\/\/blogdelarechercheclinique.com\/ l'identit\u00e9 des diff\u00e9rents intervenants dans le cadre de sa r\u00e9alisation et de son suivi :Si\u00e8ge SocialPharmaspecificParc Descartes\u2026","rel":"","context":"Similar post","block_context":{"text":"Similar post","link":""},"img":{"alt_text":"","src":"","width":0,"height":0},"classes":[]},{"id":15081,"url":"https:\/\/blogdelarechercheclinique.com\/en\/debutant-commencez-ici\/","url_meta":{"origin":13699,"position":3},"title":"Beginner : Here you are","author":"lala","date":"2 May 2025","format":false,"excerpt":"{:fr}Si tu es d\u00e9butant dans la recherche clinique, nous te souhaitons la bienvenue sur notre blog! Pour commencer, tu peux lire ces premiers articles qui t'expliqueront comment te former au m\u00e9tier d'ARC et trouver un emploi : Glossaire Article 1 : Toute la v\u00e9rit\u00e9 sur le m\u00e9tier d'ARC Article 2\u2026","rel":"","context":"Similar post","block_context":{"text":"Similar post","link":""},"img":{"alt_text":"","src":"","width":0,"height":0},"classes":[]},{"id":49,"url":"https:\/\/blogdelarechercheclinique.com\/en\/","url_meta":{"origin":13699,"position":4},"title":"All our articles","author":"lala","date":"10 November 2021","format":false,"excerpt":"{:fr}{:}{:en} {:}","rel":"","context":"Similar post","block_context":{"text":"Similar post","link":""},"img":{"alt_text":"j\u2019ai voulu devenir ARC freelance en 2010, il y a un certain nombre de questions que je me suis pos\u00e9e.","src":"https:\/\/i0.wp.com\/blogdelarechercheclinique.com\/blog-contenu\/uploads\/2024\/03\/ARC-Freelance-1.png?fit=1080%2C1080&ssl=1&resize=350%2C200","width":350,"height":200,"srcset":"https:\/\/i0.wp.com\/blogdelarechercheclinique.com\/blog-contenu\/uploads\/2024\/03\/ARC-Freelance-1.png?fit=1080%2C1080&ssl=1&resize=350%2C200 1x, https:\/\/i0.wp.com\/blogdelarechercheclinique.com\/blog-contenu\/uploads\/2024\/03\/ARC-Freelance-1.png?fit=1080%2C1080&ssl=1&resize=525%2C300 1.5x, https:\/\/i0.wp.com\/blogdelarechercheclinique.com\/blog-contenu\/uploads\/2024\/03\/ARC-Freelance-1.png?fit=1080%2C1080&ssl=1&resize=700%2C400 2x, https:\/\/i0.wp.com\/blogdelarechercheclinique.com\/blog-contenu\/uploads\/2024\/03\/ARC-Freelance-1.png?fit=1080%2C1080&ssl=1&resize=1050%2C600 3x"},"classes":[]},{"id":13482,"url":"https:\/\/blogdelarechercheclinique.com\/en\/nous-contacter\/","url_meta":{"origin":13699,"position":5},"title":"Contact us","author":"Vanessa Montanari","date":"30 April 2024","format":false,"excerpt":"{:fr} {:}{:en} How can we help you? {:}","rel":"","context":"Similar post","block_context":{"text":"Similar post","link":""},"img":{"alt_text":"","src":"","width":0,"height":0},"classes":[]}],"jetpack_sharing_enabled":true,"_links":{"self":[{"href":"https:\/\/blogdelarechercheclinique.com\/en\/wp-json\/wp\/v2\/pages\/13699","targetHints":{"allow":["GET"]}}],"collection":[{"href":"https:\/\/blogdelarechercheclinique.com\/en\/wp-json\/wp\/v2\/pages"}],"about":[{"href":"https:\/\/blogdelarechercheclinique.com\/en\/wp-json\/wp\/v2\/types\/page"}],"author":[{"embeddable":true,"href":"https:\/\/blogdelarechercheclinique.com\/en\/wp-json\/wp\/v2\/users\/1"}],"replies":[{"embeddable":true,"href":"https:\/\/blogdelarechercheclinique.com\/en\/wp-json\/wp\/v2\/comments?post=13699"}],"version-history":[{"count":17,"href":"https:\/\/blogdelarechercheclinique.com\/en\/wp-json\/wp\/v2\/pages\/13699\/revisions"}],"predecessor-version":[{"id":15735,"href":"https:\/\/blogdelarechercheclinique.com\/en\/wp-json\/wp\/v2\/pages\/13699\/revisions\/15735"}],"wp:attachment":[{"href":"https:\/\/blogdelarechercheclinique.com\/en\/wp-json\/wp\/v2\/media?parent=13699"}],"curies":[{"name":"wp","href":"https:\/\/api.w.org\/{rel}","templated":true}]}}