{"id":15081,"date":"2025-05-02T16:18:49","date_gmt":"2025-05-02T14:18:49","guid":{"rendered":"https:\/\/blogdelarechercheclinique.com\/?page_id=15081"},"modified":"2025-06-18T11:00:32","modified_gmt":"2025-06-18T09:00:32","slug":"debutant-commencez-ici","status":"publish","type":"page","link":"https:\/\/blogdelarechercheclinique.com\/en\/debutant-commencez-ici\/","title":{"rendered":"Beginner : Here you are"},"content":{"rendered":"<p>If you&rsquo;re new to clinical research, we welcome you to our blog!<\/p>\n\n\n\n<p>To get started, you can read these initial articles that will explain how to train to become a CRA and find a job:<\/p>\n\n\n\n<ul class=\"wp-block-list\">\n<li><a href=\"https:\/\/blogdelarechercheclinique.com\/en\/glossaire\/\">Glossary<\/a><\/li>\n\n\n\n<li>Article 3 : <a href=\"https:\/\/blogdelarechercheclinique.com\/en\/need-become-cra\/\" target=\"_blank\" rel=\"noreferrer noopener\">All I need to know to become a CRA<\/a><\/li>\n\n\n\n<li>Article 4 : <a href=\"https:\/\/blogdelarechercheclinique.com\/en\/top-5-ways-to-find-cra-job\/\" target=\"_blank\" rel=\"noreferrer noopener\">5 ways to find clinical research attachment job<\/a><\/li>\n\n\n\n<li>Article 5 : <a href=\"https:\/\/blogdelarechercheclinique.com\/en\/cra-and-crc-how-to-choose-the-right-job\/\" target=\"_blank\" rel=\"noreferrer noopener\">How to choose the right job CRA and CRC<\/a><\/li>\n\n\n\n<li>Article 6 : <a href=\"https:\/\/blogdelarechercheclinique.com\/en\/succeeding-telephone-interview\/\" target=\"_blank\" rel=\"noreferrer noopener\">Succeeding his telephone interview<\/a><\/li>\n\n\n\n<li>Article 7 : <a href=\"https:\/\/blogdelarechercheclinique.com\/en\/linkedln-twitter-viadeo-cra-job\/\" target=\"_blank\" rel=\"noreferrer noopener\">How to use Linkedln, Twitter and Viadeo to find a CRA job?<\/a><\/li>\n\n\n\n<li>Article 8 : <a href=\"https:\/\/blogdelarechercheclinique.com\/en\/5-trick-questions-be-prepared-cra-interview\/\" target=\"_blank\" rel=\"noreferrer noopener\">5 trick to be prepared for your interview<\/a><\/li>\n\n\n\n<li>Article 9 : <a href=\"https:\/\/blogdelarechercheclinique.com\/en\/resume-order-be-recruited\/\" target=\"_blank\" rel=\"noreferrer noopener\">Tips and tricks for a resume in order to be recruited<\/a><br>You can also download our free book \u00ab\u00a0<a href=\"https:\/\/blogdelarechercheclinique.com\/en\/recevez-notre-livre-hb\/\">How to Train and Find a Job as a CRA.\u00a0\u00bb<\/a><\/li>\n<\/ul>","protected":false},"excerpt":{"rendered":"<p>If you&rsquo;re new to clinical research, we welcome you to our blog! To get started, you can read&#8230;<\/p>","protected":false},"author":1,"featured_media":0,"parent":0,"menu_order":0,"comment_status":"closed","ping_status":"closed","template":"","meta":{"om_disable_all_campaigns":false,"rop_custom_images_group":[],"rop_custom_messages_group":[],"rop_publish_now":"initial","rop_publish_now_accounts":{"facebook_122143508198123560_331463380343150":""},"rop_publish_now_history":[],"rop_publish_now_status":"pending","_sitemap_exclude":false,"_sitemap_priority":"","_sitemap_frequency":"","_exactmetrics_skip_tracking":false,"_exactmetrics_sitenote_active":false,"_exactmetrics_sitenote_note":"","_exactmetrics_sitenote_category":0,"footnotes":""},"class_list":["post-15081","page","type-page","status-publish"],"translation":{"provider":"WPGlobus","version":"3.0.2","language":"en","enabled_languages":["fr","en"],"languages":{"fr":{"title":true,"content":true,"excerpt":false},"en":{"title":true,"content":true,"excerpt":false}}},"yoast_head":"<!-- This site is optimized with the Yoast SEO plugin v26.9 - https:\/\/yoast.com\/product\/yoast-seo-wordpress\/ -->\n<title>Beginner : Here you are -<\/title>\n<meta name=\"robots\" content=\"index, follow, max-snippet:-1, max-image-preview:large, max-video-preview:-1\" \/>\n<link rel=\"canonical\" href=\"https:\/\/blogdelarechercheclinique.com\/en\/debutant-commencez-ici\/\" \/>\n<meta property=\"og:locale\" content=\"en_US\" \/>\n<meta property=\"og:type\" content=\"article\" \/>\n<meta property=\"og:title\" content=\"Beginner : Here you are -\" \/>\n<meta property=\"og:url\" content=\"https:\/\/blogdelarechercheclinique.com\/en\/debutant-commencez-ici\/\" \/>\n<meta property=\"article:publisher\" content=\"https:\/\/www.facebook.com\/blogdelarechercheclinique\" \/>\n<meta property=\"article:modified_time\" content=\"2025-06-18T09:00:32+00:00\" \/>\n<meta name=\"twitter:card\" content=\"summary_large_image\" \/>\n<meta name=\"twitter:label1\" content=\"Est. reading time\" \/>\n\t<meta name=\"twitter:data1\" content=\"1 minute\" \/>\n<script type=\"application\/ld+json\" class=\"yoast-schema-graph\">{\"@context\":\"https:\/\/schema.org\",\"@graph\":[{\"@type\":\"WebPage\",\"@id\":\"https:\/\/blogdelarechercheclinique.com\/debutant-commencez-ici\/\",\"url\":\"https:\/\/blogdelarechercheclinique.com\/debutant-commencez-ici\/\",\"name\":\"Beginner : Here you are -\",\"isPartOf\":{\"@id\":\"https:\/\/blogdelarechercheclinique.com\/#website\"},\"datePublished\":\"2025-05-02T14:18:49+00:00\",\"dateModified\":\"2025-06-18T09:00:32+00:00\",\"breadcrumb\":{\"@id\":\"https:\/\/blogdelarechercheclinique.com\/debutant-commencez-ici\/#breadcrumb\"},\"inLanguage\":\"en-US\",\"potentialAction\":[{\"@type\":\"ReadAction\",\"target\":[\"https:\/\/blogdelarechercheclinique.com\/debutant-commencez-ici\/\"]}]},{\"@type\":\"BreadcrumbList\",\"@id\":\"https:\/\/blogdelarechercheclinique.com\/debutant-commencez-ici\/#breadcrumb\",\"itemListElement\":[{\"@type\":\"ListItem\",\"position\":1,\"name\":\"Accueil\",\"item\":\"https:\/\/blogdelarechercheclinique.com\/\"},{\"@type\":\"ListItem\",\"position\":2,\"name\":\"D\u00e9butant commencez ici\"}]},{\"@type\":\"WebSite\",\"@id\":\"https:\/\/blogdelarechercheclinique.com\/#website\",\"url\":\"https:\/\/blogdelarechercheclinique.com\/\",\"name\":\"Blog de la recherche clinique\",\"description\":\"\",\"publisher\":{\"@id\":\"https:\/\/blogdelarechercheclinique.com\/#organization\"},\"potentialAction\":[{\"@type\":\"SearchAction\",\"target\":{\"@type\":\"EntryPoint\",\"urlTemplate\":\"https:\/\/blogdelarechercheclinique.com\/?s={search_term_string}\"},\"query-input\":{\"@type\":\"PropertyValueSpecification\",\"valueRequired\":true,\"valueName\":\"search_term_string\"}}],\"inLanguage\":\"en-US\"},{\"@type\":\"Organization\",\"@id\":\"https:\/\/blogdelarechercheclinique.com\/#organization\",\"name\":\"Blog de la recherche clinique\",\"url\":\"https:\/\/blogdelarechercheclinique.com\/\",\"logo\":{\"@type\":\"ImageObject\",\"inLanguage\":\"en-US\",\"@id\":\"https:\/\/blogdelarechercheclinique.com\/#\/schema\/logo\/image\/\",\"url\":\"https:\/\/i0.wp.com\/blogdelarechercheclinique.com\/blog-contenu\/uploads\/2024\/04\/cropped-BLOG-logo.png?fit=512%2C512&ssl=1\",\"contentUrl\":\"https:\/\/i0.wp.com\/blogdelarechercheclinique.com\/blog-contenu\/uploads\/2024\/04\/cropped-BLOG-logo.png?fit=512%2C512&ssl=1\",\"width\":512,\"height\":512,\"caption\":\"Blog de la recherche clinique\"},\"image\":{\"@id\":\"https:\/\/blogdelarechercheclinique.com\/#\/schema\/logo\/image\/\"},\"sameAs\":[\"https:\/\/www.facebook.com\/blogdelarechercheclinique\"]}]}<\/script>\n<!-- \/ Yoast SEO plugin. -->","yoast_head_json":{"title":"Beginner : Here you are -","robots":{"index":"index","follow":"follow","max-snippet":"max-snippet:-1","max-image-preview":"max-image-preview:large","max-video-preview":"max-video-preview:-1"},"canonical":"https:\/\/blogdelarechercheclinique.com\/en\/debutant-commencez-ici\/","og_locale":"en_US","og_type":"article","og_title":"Beginner : Here you are -","og_url":"https:\/\/blogdelarechercheclinique.com\/en\/debutant-commencez-ici\/","article_publisher":"https:\/\/www.facebook.com\/blogdelarechercheclinique","article_modified_time":"2025-06-18T09:00:32+00:00","twitter_card":"summary_large_image","twitter_misc":{"Est. reading time":"1 minute"},"schema":{"@context":"https:\/\/schema.org","@graph":[{"@type":"WebPage","@id":"https:\/\/blogdelarechercheclinique.com\/debutant-commencez-ici\/","url":"https:\/\/blogdelarechercheclinique.com\/debutant-commencez-ici\/","name":"Beginner : Here you are -","isPartOf":{"@id":"https:\/\/blogdelarechercheclinique.com\/#website"},"datePublished":"2025-05-02T14:18:49+00:00","dateModified":"2025-06-18T09:00:32+00:00","breadcrumb":{"@id":"https:\/\/blogdelarechercheclinique.com\/debutant-commencez-ici\/#breadcrumb"},"inLanguage":"en-US","potentialAction":[{"@type":"ReadAction","target":["https:\/\/blogdelarechercheclinique.com\/debutant-commencez-ici\/"]}]},{"@type":"BreadcrumbList","@id":"https:\/\/blogdelarechercheclinique.com\/debutant-commencez-ici\/#breadcrumb","itemListElement":[{"@type":"ListItem","position":1,"name":"Accueil","item":"https:\/\/blogdelarechercheclinique.com\/"},{"@type":"ListItem","position":2,"name":"D\u00e9butant commencez ici"}]},{"@type":"WebSite","@id":"https:\/\/blogdelarechercheclinique.com\/#website","url":"https:\/\/blogdelarechercheclinique.com\/","name":"Blog de la recherche clinique","description":"","publisher":{"@id":"https:\/\/blogdelarechercheclinique.com\/#organization"},"potentialAction":[{"@type":"SearchAction","target":{"@type":"EntryPoint","urlTemplate":"https:\/\/blogdelarechercheclinique.com\/?s={search_term_string}"},"query-input":{"@type":"PropertyValueSpecification","valueRequired":true,"valueName":"search_term_string"}}],"inLanguage":"en-US"},{"@type":"Organization","@id":"https:\/\/blogdelarechercheclinique.com\/#organization","name":"Blog de la recherche clinique","url":"https:\/\/blogdelarechercheclinique.com\/","logo":{"@type":"ImageObject","inLanguage":"en-US","@id":"https:\/\/blogdelarechercheclinique.com\/#\/schema\/logo\/image\/","url":"https:\/\/i0.wp.com\/blogdelarechercheclinique.com\/blog-contenu\/uploads\/2024\/04\/cropped-BLOG-logo.png?fit=512%2C512&ssl=1","contentUrl":"https:\/\/i0.wp.com\/blogdelarechercheclinique.com\/blog-contenu\/uploads\/2024\/04\/cropped-BLOG-logo.png?fit=512%2C512&ssl=1","width":512,"height":512,"caption":"Blog de la recherche clinique"},"image":{"@id":"https:\/\/blogdelarechercheclinique.com\/#\/schema\/logo\/image\/"},"sameAs":["https:\/\/www.facebook.com\/blogdelarechercheclinique"]}]}},"jetpack-related-posts":[{"id":49,"url":"https:\/\/blogdelarechercheclinique.com\/en\/","url_meta":{"origin":15081,"position":0},"title":"All our articles","author":"lala","date":"10 November 2021","format":false,"excerpt":"{:fr}{:}{:en} {:}","rel":"","context":"Similar post","block_context":{"text":"Similar post","link":""},"img":{"alt_text":"j\u2019ai voulu devenir ARC freelance en 2010, il y a un certain nombre de questions que je me suis pos\u00e9e.","src":"https:\/\/i0.wp.com\/blogdelarechercheclinique.com\/blog-contenu\/uploads\/2024\/03\/ARC-Freelance-1.png?fit=1080%2C1080&ssl=1&resize=350%2C200","width":350,"height":200,"srcset":"https:\/\/i0.wp.com\/blogdelarechercheclinique.com\/blog-contenu\/uploads\/2024\/03\/ARC-Freelance-1.png?fit=1080%2C1080&ssl=1&resize=350%2C200 1x, https:\/\/i0.wp.com\/blogdelarechercheclinique.com\/blog-contenu\/uploads\/2024\/03\/ARC-Freelance-1.png?fit=1080%2C1080&ssl=1&resize=525%2C300 1.5x, https:\/\/i0.wp.com\/blogdelarechercheclinique.com\/blog-contenu\/uploads\/2024\/03\/ARC-Freelance-1.png?fit=1080%2C1080&ssl=1&resize=700%2C400 2x, https:\/\/i0.wp.com\/blogdelarechercheclinique.com\/blog-contenu\/uploads\/2024\/03\/ARC-Freelance-1.png?fit=1080%2C1080&ssl=1&resize=1050%2C600 3x"},"classes":[]},{"id":13699,"url":"https:\/\/blogdelarechercheclinique.com\/en\/faisons-connaissances\/","url_meta":{"origin":15081,"position":1},"title":"Let\u2019s get acquainted","author":"lala","date":"7 May 2025","format":false,"excerpt":"{:fr} Je suis Vanessa Montanari, Attach\u00e9e de recherche clinique, chef de projet et dirigeante depuis 10 ans de pharmaspecific, soci\u00e9t\u00e9 de prestation de services en recherche clinique. Je suis \u00e9galement coach \u00e0 Pharmaspecific Training.En 2019, je suis devenue laur\u00e9ate du concours \" entrepreneurs afro-cr\u00e9oles 2019 - cat\u00e9gorie Innovation et soci\u00e9t\u00e9\"J'ai\u2026","rel":"","context":"Similar post","block_context":{"text":"Similar post","link":""},"img":{"alt_text":"Troph\u00e9e Vanessa Montanari","src":"https:\/\/i0.wp.com\/blogdelarechercheclinique.com\/blog-contenu\/uploads\/2019\/11\/Trophee-scaled-e1726885993816.jpg?resize=350%2C200&ssl=1","width":350,"height":200,"srcset":"https:\/\/i0.wp.com\/blogdelarechercheclinique.com\/blog-contenu\/uploads\/2019\/11\/Trophee-scaled-e1726885993816.jpg?resize=350%2C200&ssl=1 1x, https:\/\/i0.wp.com\/blogdelarechercheclinique.com\/blog-contenu\/uploads\/2019\/11\/Trophee-scaled-e1726885993816.jpg?resize=525%2C300&ssl=1 1.5x, https:\/\/i0.wp.com\/blogdelarechercheclinique.com\/blog-contenu\/uploads\/2019\/11\/Trophee-scaled-e1726885993816.jpg?resize=700%2C400&ssl=1 2x, https:\/\/i0.wp.com\/blogdelarechercheclinique.com\/blog-contenu\/uploads\/2019\/11\/Trophee-scaled-e1726885993816.jpg?resize=1050%2C600&ssl=1 3x, https:\/\/i0.wp.com\/blogdelarechercheclinique.com\/blog-contenu\/uploads\/2019\/11\/Trophee-scaled-e1726885993816.jpg?resize=1400%2C800&ssl=1 4x"},"classes":[]},{"id":15093,"url":"https:\/\/blogdelarechercheclinique.com\/en\/glossaire\/","url_meta":{"origin":15081,"position":2},"title":"Glossary","author":"lala","date":"7 May 2025","format":false,"excerpt":"{:fr}ARC Attach\u00e9 de recherche clinique. TEC Technicien de recherche clinique. AUTORISATION DE MISE SUR LE MARCHE L\u2019Autorisation de mise sur le march\u00e9 est d\u00e9livr\u00e9e, par les autorit\u00e9s comp\u00e9tentes nationales ou europ\u00e9ennes. Elle fait suite, au d\u00e9p\u00f4t, par l\u2019industriel, d\u2019un dossier de demande d\u2019autorisation de mise sur le march\u00e9, aupr\u00e8s de\u2026","rel":"","context":"Similar post","block_context":{"text":"Similar post","link":""},"img":{"alt_text":"","src":"","width":0,"height":0},"classes":[]},{"id":13209,"url":"https:\/\/blogdelarechercheclinique.com\/en\/conditions-generales-de-vente\/","url_meta":{"origin":15081,"position":3},"title":"General conditions of sale","author":"lala","date":"9 April 2024","format":false,"excerpt":"{:fr} DC-COC-407-V2\u00a0 Conditions g\u00e9n\u00e9rales de vente, 9 mars 2021 CONDITIONS GENERALES DE VENTE\u00a0 Entre : La Soci\u00e9t\u00e9 PHARMASPECIFIC, Soci\u00e9t\u00e9 \u00e0 responsabilit\u00e9 limit\u00e9e au capital de 1000 EUROS, inscrite au Registre du Commerce et des Soci\u00e9t\u00e9s de Meaux sous le n\u00b0 752 023 283, dont le si\u00e8ge social est sis \u00e0\u2026","rel":"","context":"Similar post","block_context":{"text":"Similar post","link":""},"img":{"alt_text":"","src":"","width":0,"height":0},"classes":[]},{"id":3,"url":"https:\/\/blogdelarechercheclinique.com\/en\/politique-de-confidentialite\/","url_meta":{"origin":15081,"position":4},"title":"Privacy Policy Effective as of March 9, 2022","author":"lala","date":"28 February 2024","format":false,"excerpt":"{:fr} Pr\u00e9sentation du site internet.En vertu de l'article 6 de la loi n\u00b0 2004-575 du 21 juin 2004 pour la confiance dans l'\u00e9conomie num\u00e9rique, il est pr\u00e9cis\u00e9 aux utilisateurs du site internet https:\/\/blogdelarechercheclinique.com\/ l'identit\u00e9 des diff\u00e9rents intervenants dans le cadre de sa r\u00e9alisation et de son suivi :Si\u00e8ge SocialPharmaspecificParc Descartes\u2026","rel":"","context":"Similar post","block_context":{"text":"Similar post","link":""},"img":{"alt_text":"","src":"","width":0,"height":0},"classes":[]},{"id":13482,"url":"https:\/\/blogdelarechercheclinique.com\/en\/nous-contacter\/","url_meta":{"origin":15081,"position":5},"title":"Contact us","author":"Vanessa Montanari","date":"30 April 2024","format":false,"excerpt":"{:fr} {:}{:en} How can we help you? {:}","rel":"","context":"Similar post","block_context":{"text":"Similar post","link":""},"img":{"alt_text":"","src":"","width":0,"height":0},"classes":[]}],"jetpack_sharing_enabled":true,"_links":{"self":[{"href":"https:\/\/blogdelarechercheclinique.com\/en\/wp-json\/wp\/v2\/pages\/15081","targetHints":{"allow":["GET"]}}],"collection":[{"href":"https:\/\/blogdelarechercheclinique.com\/en\/wp-json\/wp\/v2\/pages"}],"about":[{"href":"https:\/\/blogdelarechercheclinique.com\/en\/wp-json\/wp\/v2\/types\/page"}],"author":[{"embeddable":true,"href":"https:\/\/blogdelarechercheclinique.com\/en\/wp-json\/wp\/v2\/users\/1"}],"replies":[{"embeddable":true,"href":"https:\/\/blogdelarechercheclinique.com\/en\/wp-json\/wp\/v2\/comments?post=15081"}],"version-history":[{"count":9,"href":"https:\/\/blogdelarechercheclinique.com\/en\/wp-json\/wp\/v2\/pages\/15081\/revisions"}],"predecessor-version":[{"id":15740,"href":"https:\/\/blogdelarechercheclinique.com\/en\/wp-json\/wp\/v2\/pages\/15081\/revisions\/15740"}],"wp:attachment":[{"href":"https:\/\/blogdelarechercheclinique.com\/en\/wp-json\/wp\/v2\/media?parent=15081"}],"curies":[{"name":"wp","href":"https:\/\/api.w.org\/{rel}","templated":true}]}}