{"id":15088,"date":"2025-05-07T09:15:30","date_gmt":"2025-05-07T07:15:30","guid":{"rendered":"https:\/\/blogdelarechercheclinique.com\/?page_id=15088"},"modified":"2025-05-08T11:42:53","modified_gmt":"2025-05-08T09:42:53","slug":"ton-livre-gratuit","status":"publish","type":"page","link":"https:\/\/blogdelarechercheclinique.com\/en\/ton-livre-gratuit\/","title":{"rendered":"Ton livre gratuit"},"content":{"rendered":"<p>Merci pour votre visite.<\/p>","protected":false},"excerpt":{"rendered":"<p>Merci pour votre visite.<\/p>","protected":false},"author":1,"featured_media":0,"parent":0,"menu_order":0,"comment_status":"closed","ping_status":"closed","template":"","meta":{"om_disable_all_campaigns":false,"rop_custom_images_group":[],"rop_custom_messages_group":[],"rop_publish_now":"initial","rop_publish_now_accounts":{"facebook_122143508198123560_331463380343150":""},"rop_publish_now_history":[],"rop_publish_now_status":"pending","_sitemap_exclude":false,"_sitemap_priority":"","_sitemap_frequency":"","_exactmetrics_skip_tracking":false,"_exactmetrics_sitenote_active":false,"_exactmetrics_sitenote_note":"","_exactmetrics_sitenote_category":0,"footnotes":""},"class_list":["post-15088","page","type-page","status-publish"],"translation":{"provider":"WPGlobus","version":"3.0.2","language":"en","enabled_languages":["fr","en"],"languages":{"fr":{"title":true,"content":true,"excerpt":false},"en":{"title":false,"content":false,"excerpt":false}}},"yoast_head":"<!-- This site is optimized with the Yoast SEO plugin v26.9 - https:\/\/yoast.com\/product\/yoast-seo-wordpress\/ -->\n<title>Ton livre gratuit -<\/title>\n<meta name=\"robots\" content=\"index, follow, max-snippet:-1, max-image-preview:large, max-video-preview:-1\" \/>\n<link rel=\"canonical\" href=\"https:\/\/blogdelarechercheclinique.com\/en\/ton-livre-gratuit\/\" \/>\n<meta property=\"og:locale\" content=\"en_US\" \/>\n<meta property=\"og:type\" content=\"article\" \/>\n<meta property=\"og:title\" content=\"Ton livre gratuit -\" \/>\n<meta property=\"og:url\" content=\"https:\/\/blogdelarechercheclinique.com\/en\/ton-livre-gratuit\/\" \/>\n<meta property=\"article:publisher\" content=\"https:\/\/www.facebook.com\/blogdelarechercheclinique\" \/>\n<meta property=\"article:modified_time\" content=\"2025-05-08T09:42:53+00:00\" \/>\n<meta name=\"twitter:card\" content=\"summary_large_image\" \/>\n<meta name=\"twitter:label1\" content=\"Est. reading time\" \/>\n\t<meta name=\"twitter:data1\" content=\"1 minute\" \/>\n<script type=\"application\/ld+json\" class=\"yoast-schema-graph\">{\"@context\":\"https:\/\/schema.org\",\"@graph\":[{\"@type\":\"WebPage\",\"@id\":\"https:\/\/blogdelarechercheclinique.com\/ton-livre-gratuit\/\",\"url\":\"https:\/\/blogdelarechercheclinique.com\/ton-livre-gratuit\/\",\"name\":\"Ton livre gratuit -\",\"isPartOf\":{\"@id\":\"https:\/\/blogdelarechercheclinique.com\/#website\"},\"datePublished\":\"2025-05-07T07:15:30+00:00\",\"dateModified\":\"2025-05-08T09:42:53+00:00\",\"breadcrumb\":{\"@id\":\"https:\/\/blogdelarechercheclinique.com\/ton-livre-gratuit\/#breadcrumb\"},\"inLanguage\":\"en-US\",\"potentialAction\":[{\"@type\":\"ReadAction\",\"target\":[\"https:\/\/blogdelarechercheclinique.com\/ton-livre-gratuit\/\"]}]},{\"@type\":\"BreadcrumbList\",\"@id\":\"https:\/\/blogdelarechercheclinique.com\/ton-livre-gratuit\/#breadcrumb\",\"itemListElement\":[{\"@type\":\"ListItem\",\"position\":1,\"name\":\"Accueil\",\"item\":\"https:\/\/blogdelarechercheclinique.com\/\"},{\"@type\":\"ListItem\",\"position\":2,\"name\":\"Ton livre gratuit\"}]},{\"@type\":\"WebSite\",\"@id\":\"https:\/\/blogdelarechercheclinique.com\/#website\",\"url\":\"https:\/\/blogdelarechercheclinique.com\/\",\"name\":\"Blog de la recherche clinique\",\"description\":\"\",\"publisher\":{\"@id\":\"https:\/\/blogdelarechercheclinique.com\/#organization\"},\"potentialAction\":[{\"@type\":\"SearchAction\",\"target\":{\"@type\":\"EntryPoint\",\"urlTemplate\":\"https:\/\/blogdelarechercheclinique.com\/?s={search_term_string}\"},\"query-input\":{\"@type\":\"PropertyValueSpecification\",\"valueRequired\":true,\"valueName\":\"search_term_string\"}}],\"inLanguage\":\"en-US\"},{\"@type\":\"Organization\",\"@id\":\"https:\/\/blogdelarechercheclinique.com\/#organization\",\"name\":\"Blog de la recherche clinique\",\"url\":\"https:\/\/blogdelarechercheclinique.com\/\",\"logo\":{\"@type\":\"ImageObject\",\"inLanguage\":\"en-US\",\"@id\":\"https:\/\/blogdelarechercheclinique.com\/#\/schema\/logo\/image\/\",\"url\":\"https:\/\/i0.wp.com\/blogdelarechercheclinique.com\/blog-contenu\/uploads\/2024\/04\/cropped-BLOG-logo.png?fit=512%2C512&ssl=1\",\"contentUrl\":\"https:\/\/i0.wp.com\/blogdelarechercheclinique.com\/blog-contenu\/uploads\/2024\/04\/cropped-BLOG-logo.png?fit=512%2C512&ssl=1\",\"width\":512,\"height\":512,\"caption\":\"Blog de la recherche clinique\"},\"image\":{\"@id\":\"https:\/\/blogdelarechercheclinique.com\/#\/schema\/logo\/image\/\"},\"sameAs\":[\"https:\/\/www.facebook.com\/blogdelarechercheclinique\"]}]}<\/script>\n<!-- \/ Yoast SEO plugin. -->","yoast_head_json":{"title":"Ton livre gratuit -","robots":{"index":"index","follow":"follow","max-snippet":"max-snippet:-1","max-image-preview":"max-image-preview:large","max-video-preview":"max-video-preview:-1"},"canonical":"https:\/\/blogdelarechercheclinique.com\/en\/ton-livre-gratuit\/","og_locale":"en_US","og_type":"article","og_title":"Ton livre gratuit -","og_url":"https:\/\/blogdelarechercheclinique.com\/en\/ton-livre-gratuit\/","article_publisher":"https:\/\/www.facebook.com\/blogdelarechercheclinique","article_modified_time":"2025-05-08T09:42:53+00:00","twitter_card":"summary_large_image","twitter_misc":{"Est. reading time":"1 minute"},"schema":{"@context":"https:\/\/schema.org","@graph":[{"@type":"WebPage","@id":"https:\/\/blogdelarechercheclinique.com\/ton-livre-gratuit\/","url":"https:\/\/blogdelarechercheclinique.com\/ton-livre-gratuit\/","name":"Ton livre gratuit -","isPartOf":{"@id":"https:\/\/blogdelarechercheclinique.com\/#website"},"datePublished":"2025-05-07T07:15:30+00:00","dateModified":"2025-05-08T09:42:53+00:00","breadcrumb":{"@id":"https:\/\/blogdelarechercheclinique.com\/ton-livre-gratuit\/#breadcrumb"},"inLanguage":"en-US","potentialAction":[{"@type":"ReadAction","target":["https:\/\/blogdelarechercheclinique.com\/ton-livre-gratuit\/"]}]},{"@type":"BreadcrumbList","@id":"https:\/\/blogdelarechercheclinique.com\/ton-livre-gratuit\/#breadcrumb","itemListElement":[{"@type":"ListItem","position":1,"name":"Accueil","item":"https:\/\/blogdelarechercheclinique.com\/"},{"@type":"ListItem","position":2,"name":"Ton livre gratuit"}]},{"@type":"WebSite","@id":"https:\/\/blogdelarechercheclinique.com\/#website","url":"https:\/\/blogdelarechercheclinique.com\/","name":"Blog de la recherche clinique","description":"","publisher":{"@id":"https:\/\/blogdelarechercheclinique.com\/#organization"},"potentialAction":[{"@type":"SearchAction","target":{"@type":"EntryPoint","urlTemplate":"https:\/\/blogdelarechercheclinique.com\/?s={search_term_string}"},"query-input":{"@type":"PropertyValueSpecification","valueRequired":true,"valueName":"search_term_string"}}],"inLanguage":"en-US"},{"@type":"Organization","@id":"https:\/\/blogdelarechercheclinique.com\/#organization","name":"Blog de la recherche clinique","url":"https:\/\/blogdelarechercheclinique.com\/","logo":{"@type":"ImageObject","inLanguage":"en-US","@id":"https:\/\/blogdelarechercheclinique.com\/#\/schema\/logo\/image\/","url":"https:\/\/i0.wp.com\/blogdelarechercheclinique.com\/blog-contenu\/uploads\/2024\/04\/cropped-BLOG-logo.png?fit=512%2C512&ssl=1","contentUrl":"https:\/\/i0.wp.com\/blogdelarechercheclinique.com\/blog-contenu\/uploads\/2024\/04\/cropped-BLOG-logo.png?fit=512%2C512&ssl=1","width":512,"height":512,"caption":"Blog de la recherche clinique"},"image":{"@id":"https:\/\/blogdelarechercheclinique.com\/#\/schema\/logo\/image\/"},"sameAs":["https:\/\/www.facebook.com\/blogdelarechercheclinique"]}]}},"jetpack-related-posts":[{"id":15081,"url":"https:\/\/blogdelarechercheclinique.com\/en\/debutant-commencez-ici\/","url_meta":{"origin":15088,"position":0},"title":"Beginner : Here you are","author":"lala","date":"2 May 2025","format":false,"excerpt":"{:fr}Si tu es d\u00e9butant dans la recherche clinique, nous te souhaitons la bienvenue sur notre blog! Pour commencer, tu peux lire ces premiers articles qui t'expliqueront comment te former au m\u00e9tier d'ARC et trouver un emploi : Glossaire Article 1 : Toute la v\u00e9rit\u00e9 sur le m\u00e9tier d'ARC Article 2\u2026","rel":"","context":"Similar post","block_context":{"text":"Similar post","link":""},"img":{"alt_text":"","src":"","width":0,"height":0},"classes":[]},{"id":15085,"url":"https:\/\/blogdelarechercheclinique.com\/en\/recevez-notre-livre-hb\/","url_meta":{"origin":15088,"position":1},"title":"Recevez notre livre","author":"lala","date":"7 May 2025","format":false,"excerpt":"","rel":"","context":"Similar post","block_context":{"text":"Similar post","link":""},"img":{"alt_text":"","src":"","width":0,"height":0},"classes":[]},{"id":13209,"url":"https:\/\/blogdelarechercheclinique.com\/en\/conditions-generales-de-vente\/","url_meta":{"origin":15088,"position":2},"title":"General conditions of sale","author":"lala","date":"9 April 2024","format":false,"excerpt":"{:fr} DC-COC-407-V2\u00a0 Conditions g\u00e9n\u00e9rales de vente, 9 mars 2021 CONDITIONS GENERALES DE VENTE\u00a0 Entre : La Soci\u00e9t\u00e9 PHARMASPECIFIC, Soci\u00e9t\u00e9 \u00e0 responsabilit\u00e9 limit\u00e9e au capital de 1000 EUROS, inscrite au Registre du Commerce et des Soci\u00e9t\u00e9s de Meaux sous le n\u00b0 752 023 283, dont le si\u00e8ge social est sis \u00e0\u2026","rel":"","context":"Similar post","block_context":{"text":"Similar post","link":""},"img":{"alt_text":"","src":"","width":0,"height":0},"classes":[]},{"id":40,"url":"https:\/\/blogdelarechercheclinique.com\/en\/nos-guides-pratiques\/","url_meta":{"origin":15088,"position":3},"title":"Nos guides pratiques","author":"lala","date":"10 November 2021","format":false,"excerpt":"","rel":"","context":"Similar post","block_context":{"text":"Similar post","link":""},"img":{"alt_text":"","src":"https:\/\/i0.wp.com\/blogdelarechercheclinique.com\/blog-contenu\/uploads\/2024\/04\/KIT-REVISION.jpg?resize=350%2C200&ssl=1","width":350,"height":200},"classes":[]},{"id":2,"url":"https:\/\/blogdelarechercheclinique.com\/en\/page-d-exemple\/","url_meta":{"origin":15088,"position":4},"title":"Page d\u2019exemple","author":"lala","date":"28 February 2024","format":false,"excerpt":"Ceci est une page d\u2019exemple. C\u2019est diff\u00e9rent d\u2019un article de blog parce qu\u2019elle restera au m\u00eame endroit et appara\u00eetra dans la navigation de votre site (dans la plupart des th\u00e8mes). La plupart des gens commencent par une page \u00ab\u00a0\u00c0 propos\u00a0\u00bb qui les pr\u00e9sente aux personnes visitant le site. Cela pourrait\u2026","rel":"","context":"Similar post","block_context":{"text":"Similar post","link":""},"img":{"alt_text":"","src":"","width":0,"height":0},"classes":[]},{"id":3,"url":"https:\/\/blogdelarechercheclinique.com\/en\/politique-de-confidentialite\/","url_meta":{"origin":15088,"position":5},"title":"Privacy Policy Effective as of March 9, 2022","author":"lala","date":"28 February 2024","format":false,"excerpt":"{:fr} Pr\u00e9sentation du site internet.En vertu de l'article 6 de la loi n\u00b0 2004-575 du 21 juin 2004 pour la confiance dans l'\u00e9conomie num\u00e9rique, il est pr\u00e9cis\u00e9 aux utilisateurs du site internet https:\/\/blogdelarechercheclinique.com\/ l'identit\u00e9 des diff\u00e9rents intervenants dans le cadre de sa r\u00e9alisation et de son suivi :Si\u00e8ge SocialPharmaspecificParc Descartes\u2026","rel":"","context":"Similar post","block_context":{"text":"Similar post","link":""},"img":{"alt_text":"","src":"","width":0,"height":0},"classes":[]}],"jetpack_sharing_enabled":true,"_links":{"self":[{"href":"https:\/\/blogdelarechercheclinique.com\/en\/wp-json\/wp\/v2\/pages\/15088","targetHints":{"allow":["GET"]}}],"collection":[{"href":"https:\/\/blogdelarechercheclinique.com\/en\/wp-json\/wp\/v2\/pages"}],"about":[{"href":"https:\/\/blogdelarechercheclinique.com\/en\/wp-json\/wp\/v2\/types\/page"}],"author":[{"embeddable":true,"href":"https:\/\/blogdelarechercheclinique.com\/en\/wp-json\/wp\/v2\/users\/1"}],"replies":[{"embeddable":true,"href":"https:\/\/blogdelarechercheclinique.com\/en\/wp-json\/wp\/v2\/comments?post=15088"}],"version-history":[{"count":2,"href":"https:\/\/blogdelarechercheclinique.com\/en\/wp-json\/wp\/v2\/pages\/15088\/revisions"}],"predecessor-version":[{"id":15153,"href":"https:\/\/blogdelarechercheclinique.com\/en\/wp-json\/wp\/v2\/pages\/15088\/revisions\/15153"}],"wp:attachment":[{"href":"https:\/\/blogdelarechercheclinique.com\/en\/wp-json\/wp\/v2\/media?parent=15088"}],"curies":[{"name":"wp","href":"https:\/\/api.w.org\/{rel}","templated":true}]}}