{"id":15093,"date":"2025-05-07T09:51:37","date_gmt":"2025-05-07T07:51:37","guid":{"rendered":"https:\/\/blogdelarechercheclinique.com\/?page_id=15093"},"modified":"2025-05-07T10:13:06","modified_gmt":"2025-05-07T08:13:06","slug":"glossaire","status":"publish","type":"page","link":"https:\/\/blogdelarechercheclinique.com\/en\/glossaire\/","title":{"rendered":"Glossary"},"content":{"rendered":"<p>CRA<\/p>\n\n\n\n<p>Clinical Research Associate.<\/p>\n\n\n\n<p>CSC<\/p>\n\n\n\n<p>Clinical Site Coordinator.<\/p>\n\n\n\n<p>MARKETING AUTHORIZATION<\/p>\n\n\n\n<p>The marketing authorization is issued by national or European authorities.<\/p>\n\n\n\n<p>It follows, in the submission by the manufacturer, of an application for marketing authorization with those same authorities.<\/p>\n\n\n\n<p>Each case is studied to assess the quality of the product, according to efficacy and safety criteria but also in terms of the benefit \/ risk it presents.<\/p>\n\n\n\n<p>Once granted, the marketing may be suspended or withdrawn at any time: risks to the patient, no proven efficacy, non-compliance with the regulations (composition, packaging, instructions\u2026)<\/p>\n\n\n\n<p>&nbsp;CRO<\/p>\n\n\n\n<p>Contract Research Organization. It is a private enterprise specializing in clinical research. It thus takes over clinical trials on one or more phases, and in one or several therapeutic areas, depending on their degree of specialization.<\/p>\n\n\n\n<p>DATA-MANAGEMENT<\/p>\n\n\n\n<p>As part of a clinical trial, the Data-Management is the monitoring and verification of the accuracy of clinical databases. This database includes all the information that was collected during clinical trials to determine the effectiveness of the studied drug.<\/p>\n\n\n\n<p>CLINICAL TRIAL<\/p>\n\n\n\n<p>This is a scientific study applied to humans. It aims to assess and demonstrate the effectiveness of new drugs or new techniques of treatment, diagnosis, care or prevention but also to check that they are not or will not be harmful to patients in more or less long term.<\/p>\n\n\n\n<p>Clinical trials are conducted in four consecutive phases: Phase I, II, III and IV.<\/p>\n\n\n\n<p>Each phase will have different goals.<\/p>\n\n\n\n<p>The new treatment or technique must meet the objectives of each phase before moving to the next.<\/p>\n\n\n\n<p>To ensure reliable results, it is imperative that each study must&nbsp;be conducted rigorously and tested to avoid any bias or error in collection or data interpretation.<\/p>\n\n\n\n<p>CLINICAL TRIAL Phase I<\/p>\n\n\n\n<p>\u2013 To check that the drug experienced in detail in animals is well tolerated by humans.<\/p>\n\n\n\n<p>\u2013 To evaluate the terms of administration.<\/p>\n\n\n\n<p>\u2013 To study the side effects, according to increasing doses of treatment.<\/p>\n\n\n\n<p>CLINICAL TRIAL Phase II<\/p>\n\n\n\n<p>\u2013 To establish precisely the effects of the drug, according to the doses and treatment modalities established in Phase I.<\/p>\n\n\n\n<p>\u2013 Deepening the study in Phase I with a larger number of patients.<\/p>\n\n\n\n<p>\u2013 To evaluate the efficacy and tolerance of the new drug.<\/p>\n\n\n\n<p>CLINICAL TRIAL Phase III<\/p>\n\n\n\n<p>\u2013 To confirm the effectiveness of treatment demonstrated in Phase II.<\/p>\n\n\n\n<p>\u2013 To compare the new treatment to other commonly used standard treatments.<\/p>\n\n\n\n<p>\u2013 Award of the type of treatment by random computer draw for the objectivity of the results.<\/p>\n\n\n\n<p>After this phase, if there are a&nbsp;real benefit and no risk to the patient, the new drug receives from the Ministry of Health its Marketing Authorization.<\/p>\n\n\n\n<p>The drug can be prescribed to all patients within the limits of its indications.<\/p>\n\n\n\n<p>CLINICAL TRIAL Phase IV<\/p>\n\n\n\n<p>\u2013 Large-scale realization.<\/p>\n\n\n\n<p>\u2013 Observation of the effects of the new treatment in daily practice conditions.<\/p>\n\n\n\n<p>\u2013 Highlighting the relationship between the observed benefits and risks of treatment.<\/p>\n\n\n\n<p>INVESTIGATOR<\/p>\n\n\n\n<p>The investigator takes over the completion of the clinical trial. They are, usually, private doctors or hospitals that have, mostly, been involved in research.<\/p>\n\n\n\n<p>The investigator physician must, in fact, justify specific skills to the domain studied. He will suggest the trial to patients meeting the criteria.<\/p>\n\n\n\n<p>MONITORING<\/p>\n\n\n\n<p>This is the process conducted by clinical research associates to ensure that all data collected during the trials, in the report forms, are accurate, complete and consistent with the source documents.<\/p>\n\n\n\n<p>The CRAs verify, too, that included patients respond well to predefined selection criteria and all SAEs have been reported.<\/p>\n\n\n\n<p>You can also visit the website of Pharmaspecific,&nbsp;<a href=\"http:\/\/www.pharmaspecific.fr\/\" target=\"_blank\" rel=\"noreferrer noopener\">www.pharmaspecific.fr<\/a>&nbsp;and learn more about our activities.<\/p>","protected":false},"excerpt":{"rendered":"<p>CRA Clinical Research Associate. CSC Clinical Site Coordinator. MARKETING AUTHORIZATION The marketing authorization is issued by national or&#8230;<\/p>","protected":false},"author":1,"featured_media":0,"parent":0,"menu_order":0,"comment_status":"closed","ping_status":"closed","template":"","meta":{"om_disable_all_campaigns":false,"rop_custom_images_group":[],"rop_custom_messages_group":[],"rop_publish_now":"initial","rop_publish_now_accounts":{"facebook_122143508198123560_331463380343150":""},"rop_publish_now_history":[],"rop_publish_now_status":"pending","_sitemap_exclude":false,"_sitemap_priority":"","_sitemap_frequency":"","_exactmetrics_skip_tracking":false,"_exactmetrics_sitenote_active":false,"_exactmetrics_sitenote_note":"","_exactmetrics_sitenote_category":0,"footnotes":""},"class_list":["post-15093","page","type-page","status-publish"],"translation":{"provider":"WPGlobus","version":"3.0.2","language":"en","enabled_languages":["fr","en"],"languages":{"fr":{"title":true,"content":true,"excerpt":false},"en":{"title":true,"content":true,"excerpt":false}}},"yoast_head":"<!-- This site is optimized with the Yoast SEO plugin v26.9 - https:\/\/yoast.com\/product\/yoast-seo-wordpress\/ -->\n<title>Glossary -<\/title>\n<meta name=\"robots\" content=\"index, follow, max-snippet:-1, max-image-preview:large, max-video-preview:-1\" \/>\n<link rel=\"canonical\" href=\"https:\/\/blogdelarechercheclinique.com\/en\/glossaire\/\" \/>\n<meta property=\"og:locale\" content=\"en_US\" \/>\n<meta property=\"og:type\" content=\"article\" \/>\n<meta property=\"og:title\" content=\"Glossary -\" \/>\n<meta property=\"og:url\" content=\"https:\/\/blogdelarechercheclinique.com\/en\/glossaire\/\" \/>\n<meta property=\"article:publisher\" content=\"https:\/\/www.facebook.com\/blogdelarechercheclinique\" \/>\n<meta property=\"article:modified_time\" content=\"2025-05-07T08:13:06+00:00\" \/>\n<meta name=\"twitter:card\" content=\"summary_large_image\" \/>\n<meta name=\"twitter:label1\" content=\"Est. reading time\" \/>\n\t<meta name=\"twitter:data1\" content=\"4 minutes\" \/>\n<script type=\"application\/ld+json\" class=\"yoast-schema-graph\">{\"@context\":\"https:\/\/schema.org\",\"@graph\":[{\"@type\":\"WebPage\",\"@id\":\"https:\/\/blogdelarechercheclinique.com\/glossaire\/\",\"url\":\"https:\/\/blogdelarechercheclinique.com\/glossaire\/\",\"name\":\"Glossary -\",\"isPartOf\":{\"@id\":\"https:\/\/blogdelarechercheclinique.com\/#website\"},\"datePublished\":\"2025-05-07T07:51:37+00:00\",\"dateModified\":\"2025-05-07T08:13:06+00:00\",\"breadcrumb\":{\"@id\":\"https:\/\/blogdelarechercheclinique.com\/glossaire\/#breadcrumb\"},\"inLanguage\":\"en-US\",\"potentialAction\":[{\"@type\":\"ReadAction\",\"target\":[\"https:\/\/blogdelarechercheclinique.com\/glossaire\/\"]}]},{\"@type\":\"BreadcrumbList\",\"@id\":\"https:\/\/blogdelarechercheclinique.com\/glossaire\/#breadcrumb\",\"itemListElement\":[{\"@type\":\"ListItem\",\"position\":1,\"name\":\"Accueil\",\"item\":\"https:\/\/blogdelarechercheclinique.com\/\"},{\"@type\":\"ListItem\",\"position\":2,\"name\":\"Glossaire\"}]},{\"@type\":\"WebSite\",\"@id\":\"https:\/\/blogdelarechercheclinique.com\/#website\",\"url\":\"https:\/\/blogdelarechercheclinique.com\/\",\"name\":\"Blog de la recherche clinique\",\"description\":\"\",\"publisher\":{\"@id\":\"https:\/\/blogdelarechercheclinique.com\/#organization\"},\"potentialAction\":[{\"@type\":\"SearchAction\",\"target\":{\"@type\":\"EntryPoint\",\"urlTemplate\":\"https:\/\/blogdelarechercheclinique.com\/?s={search_term_string}\"},\"query-input\":{\"@type\":\"PropertyValueSpecification\",\"valueRequired\":true,\"valueName\":\"search_term_string\"}}],\"inLanguage\":\"en-US\"},{\"@type\":\"Organization\",\"@id\":\"https:\/\/blogdelarechercheclinique.com\/#organization\",\"name\":\"Blog de la recherche clinique\",\"url\":\"https:\/\/blogdelarechercheclinique.com\/\",\"logo\":{\"@type\":\"ImageObject\",\"inLanguage\":\"en-US\",\"@id\":\"https:\/\/blogdelarechercheclinique.com\/#\/schema\/logo\/image\/\",\"url\":\"https:\/\/i0.wp.com\/blogdelarechercheclinique.com\/blog-contenu\/uploads\/2024\/04\/cropped-BLOG-logo.png?fit=512%2C512&ssl=1\",\"contentUrl\":\"https:\/\/i0.wp.com\/blogdelarechercheclinique.com\/blog-contenu\/uploads\/2024\/04\/cropped-BLOG-logo.png?fit=512%2C512&ssl=1\",\"width\":512,\"height\":512,\"caption\":\"Blog de la recherche clinique\"},\"image\":{\"@id\":\"https:\/\/blogdelarechercheclinique.com\/#\/schema\/logo\/image\/\"},\"sameAs\":[\"https:\/\/www.facebook.com\/blogdelarechercheclinique\"]}]}<\/script>\n<!-- \/ Yoast SEO plugin. -->","yoast_head_json":{"title":"Glossary -","robots":{"index":"index","follow":"follow","max-snippet":"max-snippet:-1","max-image-preview":"max-image-preview:large","max-video-preview":"max-video-preview:-1"},"canonical":"https:\/\/blogdelarechercheclinique.com\/en\/glossaire\/","og_locale":"en_US","og_type":"article","og_title":"Glossary -","og_url":"https:\/\/blogdelarechercheclinique.com\/en\/glossaire\/","article_publisher":"https:\/\/www.facebook.com\/blogdelarechercheclinique","article_modified_time":"2025-05-07T08:13:06+00:00","twitter_card":"summary_large_image","twitter_misc":{"Est. reading time":"4 minutes"},"schema":{"@context":"https:\/\/schema.org","@graph":[{"@type":"WebPage","@id":"https:\/\/blogdelarechercheclinique.com\/glossaire\/","url":"https:\/\/blogdelarechercheclinique.com\/glossaire\/","name":"Glossary -","isPartOf":{"@id":"https:\/\/blogdelarechercheclinique.com\/#website"},"datePublished":"2025-05-07T07:51:37+00:00","dateModified":"2025-05-07T08:13:06+00:00","breadcrumb":{"@id":"https:\/\/blogdelarechercheclinique.com\/glossaire\/#breadcrumb"},"inLanguage":"en-US","potentialAction":[{"@type":"ReadAction","target":["https:\/\/blogdelarechercheclinique.com\/glossaire\/"]}]},{"@type":"BreadcrumbList","@id":"https:\/\/blogdelarechercheclinique.com\/glossaire\/#breadcrumb","itemListElement":[{"@type":"ListItem","position":1,"name":"Accueil","item":"https:\/\/blogdelarechercheclinique.com\/"},{"@type":"ListItem","position":2,"name":"Glossaire"}]},{"@type":"WebSite","@id":"https:\/\/blogdelarechercheclinique.com\/#website","url":"https:\/\/blogdelarechercheclinique.com\/","name":"Blog de la recherche clinique","description":"","publisher":{"@id":"https:\/\/blogdelarechercheclinique.com\/#organization"},"potentialAction":[{"@type":"SearchAction","target":{"@type":"EntryPoint","urlTemplate":"https:\/\/blogdelarechercheclinique.com\/?s={search_term_string}"},"query-input":{"@type":"PropertyValueSpecification","valueRequired":true,"valueName":"search_term_string"}}],"inLanguage":"en-US"},{"@type":"Organization","@id":"https:\/\/blogdelarechercheclinique.com\/#organization","name":"Blog de la recherche clinique","url":"https:\/\/blogdelarechercheclinique.com\/","logo":{"@type":"ImageObject","inLanguage":"en-US","@id":"https:\/\/blogdelarechercheclinique.com\/#\/schema\/logo\/image\/","url":"https:\/\/i0.wp.com\/blogdelarechercheclinique.com\/blog-contenu\/uploads\/2024\/04\/cropped-BLOG-logo.png?fit=512%2C512&ssl=1","contentUrl":"https:\/\/i0.wp.com\/blogdelarechercheclinique.com\/blog-contenu\/uploads\/2024\/04\/cropped-BLOG-logo.png?fit=512%2C512&ssl=1","width":512,"height":512,"caption":"Blog de la recherche clinique"},"image":{"@id":"https:\/\/blogdelarechercheclinique.com\/#\/schema\/logo\/image\/"},"sameAs":["https:\/\/www.facebook.com\/blogdelarechercheclinique"]}]}},"jetpack-related-posts":[{"id":3,"url":"https:\/\/blogdelarechercheclinique.com\/en\/politique-de-confidentialite\/","url_meta":{"origin":15093,"position":0},"title":"Privacy Policy Effective as of March 9, 2022","author":"lala","date":"28 February 2024","format":false,"excerpt":"{:fr} Pr\u00e9sentation du site internet.En vertu de l'article 6 de la loi n\u00b0 2004-575 du 21 juin 2004 pour la confiance dans l'\u00e9conomie num\u00e9rique, il est pr\u00e9cis\u00e9 aux utilisateurs du site internet https:\/\/blogdelarechercheclinique.com\/ l'identit\u00e9 des diff\u00e9rents intervenants dans le cadre de sa r\u00e9alisation et de son suivi :Si\u00e8ge SocialPharmaspecificParc Descartes\u2026","rel":"","context":"Similar post","block_context":{"text":"Similar post","link":""},"img":{"alt_text":"","src":"","width":0,"height":0},"classes":[]},{"id":13209,"url":"https:\/\/blogdelarechercheclinique.com\/en\/conditions-generales-de-vente\/","url_meta":{"origin":15093,"position":1},"title":"General conditions of sale","author":"lala","date":"9 April 2024","format":false,"excerpt":"{:fr} DC-COC-407-V2\u00a0 Conditions g\u00e9n\u00e9rales de vente, 9 mars 2021 CONDITIONS GENERALES DE VENTE\u00a0 Entre : La Soci\u00e9t\u00e9 PHARMASPECIFIC, Soci\u00e9t\u00e9 \u00e0 responsabilit\u00e9 limit\u00e9e au capital de 1000 EUROS, inscrite au Registre du Commerce et des Soci\u00e9t\u00e9s de Meaux sous le n\u00b0 752 023 283, dont le si\u00e8ge social est sis \u00e0\u2026","rel":"","context":"Similar post","block_context":{"text":"Similar post","link":""},"img":{"alt_text":"","src":"","width":0,"height":0},"classes":[]},{"id":13699,"url":"https:\/\/blogdelarechercheclinique.com\/en\/faisons-connaissances\/","url_meta":{"origin":15093,"position":2},"title":"Let\u2019s get acquainted","author":"lala","date":"7 May 2025","format":false,"excerpt":"{:fr} Je suis Vanessa Montanari, Attach\u00e9e de recherche clinique, chef de projet et dirigeante depuis 10 ans de pharmaspecific, soci\u00e9t\u00e9 de prestation de services en recherche clinique. Je suis \u00e9galement coach \u00e0 Pharmaspecific Training.En 2019, je suis devenue laur\u00e9ate du concours \" entrepreneurs afro-cr\u00e9oles 2019 - cat\u00e9gorie Innovation et soci\u00e9t\u00e9\"J'ai\u2026","rel":"","context":"Similar post","block_context":{"text":"Similar post","link":""},"img":{"alt_text":"Troph\u00e9e Vanessa Montanari","src":"https:\/\/i0.wp.com\/blogdelarechercheclinique.com\/blog-contenu\/uploads\/2019\/11\/Trophee-scaled-e1726885993816.jpg?resize=350%2C200&ssl=1","width":350,"height":200,"srcset":"https:\/\/i0.wp.com\/blogdelarechercheclinique.com\/blog-contenu\/uploads\/2019\/11\/Trophee-scaled-e1726885993816.jpg?resize=350%2C200&ssl=1 1x, https:\/\/i0.wp.com\/blogdelarechercheclinique.com\/blog-contenu\/uploads\/2019\/11\/Trophee-scaled-e1726885993816.jpg?resize=525%2C300&ssl=1 1.5x, https:\/\/i0.wp.com\/blogdelarechercheclinique.com\/blog-contenu\/uploads\/2019\/11\/Trophee-scaled-e1726885993816.jpg?resize=700%2C400&ssl=1 2x, https:\/\/i0.wp.com\/blogdelarechercheclinique.com\/blog-contenu\/uploads\/2019\/11\/Trophee-scaled-e1726885993816.jpg?resize=1050%2C600&ssl=1 3x, https:\/\/i0.wp.com\/blogdelarechercheclinique.com\/blog-contenu\/uploads\/2019\/11\/Trophee-scaled-e1726885993816.jpg?resize=1400%2C800&ssl=1 4x"},"classes":[]},{"id":15081,"url":"https:\/\/blogdelarechercheclinique.com\/en\/debutant-commencez-ici\/","url_meta":{"origin":15093,"position":3},"title":"Beginner : Here you are","author":"lala","date":"2 May 2025","format":false,"excerpt":"{:fr}Si tu es d\u00e9butant dans la recherche clinique, nous te souhaitons la bienvenue sur notre blog! Pour commencer, tu peux lire ces premiers articles qui t'expliqueront comment te former au m\u00e9tier d'ARC et trouver un emploi : Glossaire Article 1 : Toute la v\u00e9rit\u00e9 sur le m\u00e9tier d'ARC Article 2\u2026","rel":"","context":"Similar post","block_context":{"text":"Similar post","link":""},"img":{"alt_text":"","src":"","width":0,"height":0},"classes":[]},{"id":49,"url":"https:\/\/blogdelarechercheclinique.com\/en\/","url_meta":{"origin":15093,"position":4},"title":"All our articles","author":"lala","date":"10 November 2021","format":false,"excerpt":"{:fr}{:}{:en} {:}","rel":"","context":"Similar post","block_context":{"text":"Similar post","link":""},"img":{"alt_text":"j\u2019ai voulu devenir ARC freelance en 2010, il y a un certain nombre de questions que je me suis pos\u00e9e.","src":"https:\/\/i0.wp.com\/blogdelarechercheclinique.com\/blog-contenu\/uploads\/2024\/03\/ARC-Freelance-1.png?fit=1080%2C1080&ssl=1&resize=350%2C200","width":350,"height":200,"srcset":"https:\/\/i0.wp.com\/blogdelarechercheclinique.com\/blog-contenu\/uploads\/2024\/03\/ARC-Freelance-1.png?fit=1080%2C1080&ssl=1&resize=350%2C200 1x, https:\/\/i0.wp.com\/blogdelarechercheclinique.com\/blog-contenu\/uploads\/2024\/03\/ARC-Freelance-1.png?fit=1080%2C1080&ssl=1&resize=525%2C300 1.5x, https:\/\/i0.wp.com\/blogdelarechercheclinique.com\/blog-contenu\/uploads\/2024\/03\/ARC-Freelance-1.png?fit=1080%2C1080&ssl=1&resize=700%2C400 2x, https:\/\/i0.wp.com\/blogdelarechercheclinique.com\/blog-contenu\/uploads\/2024\/03\/ARC-Freelance-1.png?fit=1080%2C1080&ssl=1&resize=1050%2C600 3x"},"classes":[]},{"id":13482,"url":"https:\/\/blogdelarechercheclinique.com\/en\/nous-contacter\/","url_meta":{"origin":15093,"position":5},"title":"Contact us","author":"Vanessa Montanari","date":"30 April 2024","format":false,"excerpt":"{:fr} {:}{:en} How can we help you? {:}","rel":"","context":"Similar post","block_context":{"text":"Similar post","link":""},"img":{"alt_text":"","src":"","width":0,"height":0},"classes":[]}],"jetpack_sharing_enabled":true,"_links":{"self":[{"href":"https:\/\/blogdelarechercheclinique.com\/en\/wp-json\/wp\/v2\/pages\/15093","targetHints":{"allow":["GET"]}}],"collection":[{"href":"https:\/\/blogdelarechercheclinique.com\/en\/wp-json\/wp\/v2\/pages"}],"about":[{"href":"https:\/\/blogdelarechercheclinique.com\/en\/wp-json\/wp\/v2\/types\/page"}],"author":[{"embeddable":true,"href":"https:\/\/blogdelarechercheclinique.com\/en\/wp-json\/wp\/v2\/users\/1"}],"replies":[{"embeddable":true,"href":"https:\/\/blogdelarechercheclinique.com\/en\/wp-json\/wp\/v2\/comments?post=15093"}],"version-history":[{"count":4,"href":"https:\/\/blogdelarechercheclinique.com\/en\/wp-json\/wp\/v2\/pages\/15093\/revisions"}],"predecessor-version":[{"id":15101,"href":"https:\/\/blogdelarechercheclinique.com\/en\/wp-json\/wp\/v2\/pages\/15093\/revisions\/15101"}],"wp:attachment":[{"href":"https:\/\/blogdelarechercheclinique.com\/en\/wp-json\/wp\/v2\/media?parent=15093"}],"curies":[{"name":"wp","href":"https:\/\/api.w.org\/{rel}","templated":true}]}}